{"id":817,"date":"2025-01-10T13:53:50","date_gmt":"2025-01-10T13:53:50","guid":{"rendered":"https:\/\/dsrdanismanlik.com\/?page_id=817"},"modified":"2025-01-10T18:47:51","modified_gmt":"2025-01-10T18:47:51","slug":"test-girisimcilik","status":"publish","type":"page","link":"https:\/\/dsrdanismanlik.com\/index.php\/test-girisimcilik\/","title":{"rendered":"TEST G\u0130R\u0130\u015e\u0130MC\u0130L\u0130K"},"content":{"rendered":"<p>Giri\u015fimcilik projelerinizin ret olmamas\u0131 i\u00e7in gerekli \u015fartlar\u0131 tam olarak sa\u011flaman\u0131z gerekmektedir. Bu test ile eksiklikleriniz tespit edilerek\u00a0 daha kaliteli proje haz\u0131rlanmas\u0131 sa\u011flanacakt\u0131r. Bu konuda size bilgi verilecektir.<\/p>\n<style id=\"wpforms-css-vars-812\">\n\t\t\t\t#wpforms-812 {\n\t\t\t\t\n\t\t\t}\n\t\t\t<\/style><div class=\"wpforms-container wpforms-container-full wpforms-render-modern\" id=\"wpforms-812\"><form id=\"wpforms-form-812\" class=\"wpforms-validate wpforms-form wpforms-ajax-form\" data-formid=\"812\" method=\"post\" enctype=\"multipart\/form-data\" action=\"\/index.php\/wp-json\/wp\/v2\/pages\/817\" data-token=\"935683f6602e5353d5667223b262e5e1\" data-token-time=\"1776518120\"><noscript class=\"wpforms-error-noscript\">Bu formu bitirebilmek i\u00e7in taray\u0131c\u0131n\u0131zda JavaScript&#039;i etkinle\u015ftirin.<\/noscript><div id=\"wpforms-error-noscript\" style=\"display: none;\">Bu formu bitirebilmek i\u00e7in taray\u0131c\u0131n\u0131zda JavaScript&#039;i etkinle\u015ftirin.<\/div><div class=\"wpforms-field-container\"><div id=\"wpforms-812-field_1-container\" class=\"wpforms-field wpforms-field-text\" data-field-id=\"1\"><label class=\"wpforms-field-label\" for=\"wpforms-812-field_1\">Ad\u0131n\u0131z Soyad\u0131n\u0131z<\/label><input type=\"text\" id=\"wpforms-812-field_1\" class=\"wpforms-field-medium\" name=\"wpforms[fields][1]\" aria-errormessage=\"wpforms-812-field_1-error\" ><\/div><div id=\"wpforms-812-field_2-container\" class=\"wpforms-field wpforms-field-text\" data-field-id=\"2\"><label class=\"wpforms-field-label\" for=\"wpforms-812-field_2\">Telefon<\/label><input type=\"text\" id=\"wpforms-812-field_2\" class=\"wpforms-field-medium\" name=\"wpforms[fields][2]\" aria-errormessage=\"wpforms-812-field_2-error\" ><\/div><div id=\"wpforms-812-field_3-container\" class=\"wpforms-field wpforms-field-text\" data-field-id=\"3\"><label class=\"wpforms-field-label\" for=\"wpforms-812-field_3\">\u0130\u015fletmenizin kurulu\u015f tarihi<\/label><input type=\"text\" id=\"wpforms-812-field_3\" class=\"wpforms-field-medium\" name=\"wpforms[fields][3]\" aria-errormessage=\"wpforms-812-field_3-error\" ><\/div><div id=\"wpforms-812-field_4-container\" class=\"wpforms-field wpforms-field-text\" data-field-id=\"4\"><label class=\"wpforms-field-label\" for=\"wpforms-812-field_4\">Nace Kodunuz (Faaliyet konusu Vergi levhas\u0131nda)<\/label><input type=\"text\" id=\"wpforms-812-field_4\" class=\"wpforms-field-medium\" name=\"wpforms[fields][4]\" aria-errormessage=\"wpforms-812-field_4-error\" ><\/div><div id=\"wpforms-812-field_6-container\" class=\"wpforms-field wpforms-field-radio\" data-field-id=\"6\"><fieldset><legend class=\"wpforms-field-label\">\u0130\u015fletmenizin kurulu\u015f tarihinden geriye d\u00f6n\u00fck 3 y\u0131l i\u00e7inde Ad\u0131n\u0131za i\u015fletme varm\u0131.<\/legend><ul id=\"wpforms-812-field_6\"><li class=\"choice-1 depth-1\"><input type=\"radio\" id=\"wpforms-812-field_6_1\" name=\"wpforms[fields][6]\" value=\"EVET\" aria-errormessage=\"wpforms-812-field_6_1-error\"  ><label class=\"wpforms-field-label-inline\" for=\"wpforms-812-field_6_1\">EVET<\/label><\/li><li class=\"choice-2 depth-1\"><input type=\"radio\" id=\"wpforms-812-field_6_2\" name=\"wpforms[fields][6]\" value=\"HAYIR\" aria-errormessage=\"wpforms-812-field_6_2-error\"  ><label class=\"wpforms-field-label-inline\" for=\"wpforms-812-field_6_2\">HAYIR<\/label><\/li><\/ul><\/fieldset><\/div><div id=\"wpforms-812-field_7-container\" class=\"wpforms-field wpforms-field-radio\" data-field-id=\"7\"><fieldset><legend class=\"wpforms-field-label\">Mevcut \u0130\u015fletmeniz  \u015eirket ise kurucu ve mevcut ortakl\u0131 y\u00fczdeniz ?<\/legend><ul id=\"wpforms-812-field_7\"><li class=\"choice-1 depth-1\"><input type=\"radio\" id=\"wpforms-812-field_7_1\" name=\"wpforms[fields][7]\" value=\"%50 yada fazla\" aria-errormessage=\"wpforms-812-field_7_1-error\"  ><label class=\"wpforms-field-label-inline\" for=\"wpforms-812-field_7_1\">%50 yada fazla<\/label><\/li><li class=\"choice-2 depth-1\"><input type=\"radio\" id=\"wpforms-812-field_7_2\" name=\"wpforms[fields][7]\" value=\"%50 den az\" aria-errormessage=\"wpforms-812-field_7_2-error\"  ><label class=\"wpforms-field-label-inline\" for=\"wpforms-812-field_7_2\">%50 den az<\/label><\/li><\/ul><\/fieldset><\/div><div id=\"wpforms-812-field_8-container\" class=\"wpforms-field wpforms-field-radio\" data-field-id=\"8\"><fieldset><legend class=\"wpforms-field-label\">Ba\u015fka bir \u015firkette hisse ortakl\u0131\u011f\u0131n\u0131z varsa ortakl\u0131k oran\u0131n\u0131z nedir.<\/legend><ul id=\"wpforms-812-field_8\"><li class=\"choice-1 depth-1\"><input type=\"radio\" id=\"wpforms-812-field_8_1\" name=\"wpforms[fields][8]\" value=\"%25 yada fazla\" aria-errormessage=\"wpforms-812-field_8_1-error\"  ><label class=\"wpforms-field-label-inline\" for=\"wpforms-812-field_8_1\">%25 yada fazla<\/label><\/li><li class=\"choice-2 depth-1\"><input type=\"radio\" id=\"wpforms-812-field_8_2\" name=\"wpforms[fields][8]\" value=\"%25 den az\" aria-errormessage=\"wpforms-812-field_8_2-error\"  ><label class=\"wpforms-field-label-inline\" for=\"wpforms-812-field_8_2\">%25 den az<\/label><\/li><li class=\"choice-3 depth-1\"><input type=\"radio\" id=\"wpforms-812-field_8_3\" name=\"wpforms[fields][8]\" value=\"Ortakl\u0131\u011f\u0131m Yok\" aria-errormessage=\"wpforms-812-field_8_3-error\"  ><label class=\"wpforms-field-label-inline\" for=\"wpforms-812-field_8_3\">Ortakl\u0131\u011f\u0131m Yok<\/label><\/li><\/ul><\/fieldset><\/div><div id=\"wpforms-812-field_9-container\" class=\"wpforms-field wpforms-field-radio\" data-field-id=\"9\"><fieldset><legend class=\"wpforms-field-label\">Giri\u015fimcilik sertifikan\u0131z varm\u0131 ?<\/legend><ul id=\"wpforms-812-field_9\"><li class=\"choice-1 depth-1\"><input type=\"radio\" id=\"wpforms-812-field_9_1\" name=\"wpforms[fields][9]\" value=\"EVET\" aria-errormessage=\"wpforms-812-field_9_1-error\"  ><label class=\"wpforms-field-label-inline\" for=\"wpforms-812-field_9_1\">EVET<\/label><\/li><li class=\"choice-2 depth-1\"><input type=\"radio\" id=\"wpforms-812-field_9_2\" name=\"wpforms[fields][9]\" value=\"HAYIR\" aria-errormessage=\"wpforms-812-field_9_2-error\"  ><label class=\"wpforms-field-label-inline\" for=\"wpforms-812-field_9_2\">HAYIR<\/label><\/li><\/ul><\/fieldset><\/div><div id=\"wpforms-812-field_10-container\" class=\"wpforms-field wpforms-field-radio\" data-field-id=\"10\"><fieldset><legend class=\"wpforms-field-label\">Sigortan\u0131z mevcut kurulu \u0130\u015fletme b\u00fcnyesinde mi yat\u0131yor ?<\/legend><ul id=\"wpforms-812-field_10\"><li class=\"choice-1 depth-1\"><input type=\"radio\" id=\"wpforms-812-field_10_1\" name=\"wpforms[fields][10]\" value=\"EVET\" aria-errormessage=\"wpforms-812-field_10_1-error\"  ><label class=\"wpforms-field-label-inline\" for=\"wpforms-812-field_10_1\">EVET<\/label><\/li><li class=\"choice-2 depth-1\"><input type=\"radio\" id=\"wpforms-812-field_10_2\" name=\"wpforms[fields][10]\" value=\"HAYIR\" aria-errormessage=\"wpforms-812-field_10_2-error\"  ><label class=\"wpforms-field-label-inline\" for=\"wpforms-812-field_10_2\">HAYIR<\/label><\/li><\/ul><\/fieldset><\/div><div id=\"wpforms-812-field_11-container\" class=\"wpforms-field wpforms-field-radio\" data-field-id=\"11\"><fieldset><legend class=\"wpforms-field-label\">Yapt\u0131\u011f\u0131n\u0131z veya yapaca\u011f\u0131n\u0131z i\u015f ile ilgili i\u015f tecr\u00fcbeniz var m\u0131 ?<\/legend><ul id=\"wpforms-812-field_11\"><li class=\"choice-1 depth-1\"><input type=\"radio\" id=\"wpforms-812-field_11_1\" name=\"wpforms[fields][11]\" value=\"Diploma\" aria-errormessage=\"wpforms-812-field_11_1-error\"  ><label class=\"wpforms-field-label-inline\" for=\"wpforms-812-field_11_1\">Diploma<\/label><\/li><li class=\"choice-2 depth-1\"><input type=\"radio\" id=\"wpforms-812-field_11_2\" name=\"wpforms[fields][11]\" value=\"Sertifika\" aria-errormessage=\"wpforms-812-field_11_2-error\"  ><label class=\"wpforms-field-label-inline\" for=\"wpforms-812-field_11_2\">Sertifika<\/label><\/li><li class=\"choice-6 depth-1\"><input type=\"radio\" id=\"wpforms-812-field_11_6\" name=\"wpforms[fields][11]\" value=\"Kalfal\u0131k\/Ustal\u0131k belgesi\" aria-errormessage=\"wpforms-812-field_11_6-error\"  ><label class=\"wpforms-field-label-inline\" for=\"wpforms-812-field_11_6\">Kalfal\u0131k\/Ustal\u0131k belgesi<\/label><\/li><li class=\"choice-5 depth-1\"><input type=\"radio\" id=\"wpforms-812-field_11_5\" name=\"wpforms[fields][11]\" value=\"Daha \u00f6nce SGK l\u0131 olarak bu sekt\u00f6rde \u00e7al\u0131\u015ft\u0131m\" aria-errormessage=\"wpforms-812-field_11_5-error\"  ><label class=\"wpforms-field-label-inline\" for=\"wpforms-812-field_11_5\">Daha \u00f6nce SGK l\u0131 olarak bu sekt\u00f6rde \u00e7al\u0131\u015ft\u0131m<\/label><\/li><li class=\"choice-4 depth-1\"><input type=\"radio\" id=\"wpforms-812-field_11_4\" name=\"wpforms[fields][11]\" value=\"\u0130\u015f tecr\u00fcbem yoktur\" aria-errormessage=\"wpforms-812-field_11_4-error\"  ><label class=\"wpforms-field-label-inline\" for=\"wpforms-812-field_11_4\">\u0130\u015f tecr\u00fcbem yoktur<\/label><\/li><\/ul><\/fieldset><\/div><div id=\"wpforms-812-field_12-container\" class=\"wpforms-field wpforms-field-radio\" data-field-id=\"12\"><fieldset><legend class=\"wpforms-field-label\">Giri\u015fimci olarak gazi, birinci derece \u015fehit yak\u0131n\u0131 veya engelliniz var m\u0131 ?<\/legend><ul id=\"wpforms-812-field_12\"><li class=\"choice-1 depth-1\"><input type=\"radio\" id=\"wpforms-812-field_12_1\" name=\"wpforms[fields][12]\" value=\"EVET\" aria-errormessage=\"wpforms-812-field_12_1-error\"  ><label class=\"wpforms-field-label-inline\" for=\"wpforms-812-field_12_1\">EVET<\/label><\/li><li class=\"choice-2 depth-1\"><input type=\"radio\" id=\"wpforms-812-field_12_2\" name=\"wpforms[fields][12]\" value=\"HAYIR\" aria-errormessage=\"wpforms-812-field_12_2-error\"  ><label class=\"wpforms-field-label-inline\" for=\"wpforms-812-field_12_2\">HAYIR<\/label><\/li><\/ul><\/fieldset><\/div><\/div><!-- .wpforms-field-container --><div class=\"wpforms-submit-container\" ><input type=\"hidden\" name=\"wpforms[id]\" value=\"812\"><input type=\"hidden\" name=\"page_title\" value=\"\"><input type=\"hidden\" name=\"page_url\" value=\"https:\/\/dsrdanismanlik.com\/index.php\/wp-json\/wp\/v2\/pages\/817\"><input type=\"hidden\" name=\"url_referer\" value=\"\"><button type=\"submit\" name=\"wpforms[submit]\" id=\"wpforms-submit-812\" class=\"wpforms-submit\" data-alt-text=\"G\u00f6nderiliyor...\" data-submit-text=\"G\u00f6nder\" aria-live=\"assertive\" value=\"wpforms-submit\">G\u00f6nder<\/button><img decoding=\"async\" data-src=\"https:\/\/dsrdanismanlik.com\/wp-content\/plugins\/wpforms-lite\/assets\/images\/submit-spin.svg\" class=\"wpforms-submit-spinner lazyload\" style=\"--smush-placeholder-width: 26px; --smush-placeholder-aspect-ratio: 26\/26;display: none;\" width=\"26\" height=\"26\" alt=\"Y\u00fckleniyor\" src=\"data:image\/svg+xml;base64,PHN2ZyB3aWR0aD0iMSIgaGVpZ2h0PSIxIiB4bWxucz0iaHR0cDovL3d3dy53My5vcmcvMjAwMC9zdmciPjwvc3ZnPg==\"><\/div><\/form><\/div>  <!-- .wpforms-container -->\n","protected":false},"excerpt":{"rendered":"<p>Giri\u015fimcilik projelerinizin ret olmamas\u0131 i\u00e7in gerekli \u015fartlar\u0131 tam olarak sa\u011flaman\u0131z gerekmektedir. Bu test ile eksiklikleriniz tespit edilerek\u00a0 daha kaliteli proje [&hellip;]<\/p>\n","protected":false},"author":1,"featured_media":0,"parent":0,"menu_order":0,"comment_status":"closed","ping_status":"closed","template":"","meta":{"site-sidebar-layout":"default","site-content-layout":"","ast-site-content-layout":"default","site-content-style":"default","site-sidebar-style":"default","ast-global-header-display":"","ast-banner-title-visibility":"","ast-main-header-display":"","ast-hfb-above-header-display":"","ast-hfb-below-header-display":"","ast-hfb-mobile-header-display":"","site-post-title":"","ast-breadcrumbs-content":"","ast-featured-img":"","footer-sml-layout":"","theme-transparent-header-meta":"default","adv-header-id-meta":"","stick-header-meta":"","header-above-stick-meta":"","header-main-stick-meta":"","header-below-stick-meta":"","astra-migrate-meta-layouts":"set","ast-page-background-enabled":"default","ast-page-background-meta":{"desktop":{"background-color":"var(--ast-global-color-4)","background-image":"","background-repeat":"repeat","background-position":"center center","background-size":"auto","background-attachment":"scroll","background-type":"","background-media":"","overlay-type":"","overlay-color":"","overlay-opacity":"","overlay-gradient":""},"tablet":{"background-color":"","background-image":"","background-repeat":"repeat","background-position":"center center","background-size":"auto","background-attachment":"scroll","background-type":"","background-media":"","overlay-type":"","overlay-color":"","overlay-opacity":"","overlay-gradient":""},"mobile":{"background-color":"","background-image":"","background-repeat":"repeat","background-position":"center center","background-size":"auto","background-attachment":"scroll","background-type":"","background-media":"","overlay-type":"","overlay-color":"","overlay-opacity":"","overlay-gradient":""}},"ast-content-background-meta":{"desktop":{"background-color":"var(--ast-global-color-5)","background-image":"","background-repeat":"repeat","background-position":"center center","background-size":"auto","background-attachment":"scroll","background-type":"","background-media":"","overlay-type":"","overlay-color":"","overlay-opacity":"","overlay-gradient":""},"tablet":{"background-color":"var(--ast-global-color-5)","background-image":"","background-repeat":"repeat","background-position":"center center","background-size":"auto","background-attachment":"scroll","background-type":"","background-media":"","overlay-type":"","overlay-color":"","overlay-opacity":"","overlay-gradient":""},"mobile":{"background-color":"var(--ast-global-color-5)","background-image":"","background-repeat":"repeat","background-position":"center center","background-size":"auto","background-attachment":"scroll","background-type":"","background-media":"","overlay-type":"","overlay-color":"","overlay-opacity":"","overlay-gradient":""}},"_joinchat":[],"footnotes":""},"class_list":["post-817","page","type-page","status-publish","hentry"],"yoast_head":"<!-- This site is optimized with the Yoast SEO plugin v26.0 - https:\/\/yoast.com\/wordpress\/plugins\/seo\/ -->\r\n<title>TEST G\u0130R\u0130\u015e\u0130MC\u0130L\u0130K - Profosyonel \u00c7\u00f6z\u00fcm - Durdu Mehmet ATALAY - 0 (505) 677 35 38<\/title>\r\n<meta name=\"robots\" content=\"index, follow, max-snippet:-1, max-image-preview:large, max-video-preview:-1\" \/>\r\n<link rel=\"canonical\" href=\"https:\/\/dsrdanismanlik.com\/index.php\/test-girisimcilik\/\" \/>\r\n<meta property=\"og:locale\" content=\"tr_TR\" \/>\r\n<meta property=\"og:type\" content=\"article\" \/>\r\n<meta property=\"og:title\" content=\"TEST G\u0130R\u0130\u015e\u0130MC\u0130L\u0130K - Profosyonel \u00c7\u00f6z\u00fcm - Durdu Mehmet ATALAY - 0 (505) 677 35 38\" \/>\r\n<meta property=\"og:description\" content=\"Giri\u015fimcilik projelerinizin ret olmamas\u0131 i\u00e7in gerekli \u015fartlar\u0131 tam olarak sa\u011flaman\u0131z gerekmektedir. Bu test ile eksiklikleriniz tespit edilerek\u00a0 daha kaliteli proje [&hellip;]\" \/>\r\n<meta property=\"og:url\" content=\"https:\/\/dsrdanismanlik.com\/index.php\/test-girisimcilik\/\" \/>\r\n<meta property=\"og:site_name\" content=\"Profosyonel \u00c7\u00f6z\u00fcm - Durdu Mehmet ATALAY - 0 (505) 677 35 38\" \/>\r\n<meta property=\"article:publisher\" content=\"https:\/\/www.facebook.com\/dsrdanismanlik\" \/>\r\n<meta property=\"article:modified_time\" content=\"2025-01-10T18:47:51+00:00\" \/>\r\n<meta name=\"twitter:card\" content=\"summary_large_image\" \/>\r\n<script type=\"application\/ld+json\" class=\"yoast-schema-graph\">{\"@context\":\"https:\/\/schema.org\",\"@graph\":[{\"@type\":\"WebPage\",\"@id\":\"https:\/\/dsrdanismanlik.com\/index.php\/test-girisimcilik\/\",\"url\":\"https:\/\/dsrdanismanlik.com\/index.php\/test-girisimcilik\/\",\"name\":\"TEST G\u0130R\u0130\u015e\u0130MC\u0130L\u0130K - Profosyonel \u00c7\u00f6z\u00fcm - Durdu Mehmet ATALAY - 0 (505) 677 35 38\",\"isPartOf\":{\"@id\":\"https:\/\/dsrdanismanlik.com\/#website\"},\"datePublished\":\"2025-01-10T13:53:50+00:00\",\"dateModified\":\"2025-01-10T18:47:51+00:00\",\"breadcrumb\":{\"@id\":\"https:\/\/dsrdanismanlik.com\/index.php\/test-girisimcilik\/#breadcrumb\"},\"inLanguage\":\"tr\",\"potentialAction\":[{\"@type\":\"ReadAction\",\"target\":[\"https:\/\/dsrdanismanlik.com\/index.php\/test-girisimcilik\/\"]}]},{\"@type\":\"BreadcrumbList\",\"@id\":\"https:\/\/dsrdanismanlik.com\/index.php\/test-girisimcilik\/#breadcrumb\",\"itemListElement\":[{\"@type\":\"ListItem\",\"position\":1,\"name\":\"Anasayfa\",\"item\":\"https:\/\/dsrdanismanlik.com\/\"},{\"@type\":\"ListItem\",\"position\":2,\"name\":\"TEST G\u0130R\u0130\u015e\u0130MC\u0130L\u0130K\"}]},{\"@type\":\"WebSite\",\"@id\":\"https:\/\/dsrdanismanlik.com\/#website\",\"url\":\"https:\/\/dsrdanismanlik.com\/\",\"name\":\"Profosyonel \u00c7\u00f6z\u00fcm - Durdu Mehmet ATALAY - 0 (505) 677 35 38\",\"description\":\"\",\"publisher\":{\"@id\":\"https:\/\/dsrdanismanlik.com\/#organization\"},\"potentialAction\":[{\"@type\":\"SearchAction\",\"target\":{\"@type\":\"EntryPoint\",\"urlTemplate\":\"https:\/\/dsrdanismanlik.com\/?s={search_term_string}\"},\"query-input\":{\"@type\":\"PropertyValueSpecification\",\"valueRequired\":true,\"valueName\":\"search_term_string\"}}],\"inLanguage\":\"tr\"},{\"@type\":\"Organization\",\"@id\":\"https:\/\/dsrdanismanlik.com\/#organization\",\"name\":\"Profosyonel \u00c7\u00f6z\u00fcm - Durdu Mehmet ATALAY - 0 (505) 677 35 38\",\"url\":\"https:\/\/dsrdanismanlik.com\/\",\"logo\":{\"@type\":\"ImageObject\",\"inLanguage\":\"tr\",\"@id\":\"https:\/\/dsrdanismanlik.com\/#\/schema\/logo\/image\/\",\"url\":\"https:\/\/dsrdanismanlik.com\/wp-content\/uploads\/2024\/02\/LOGO.jpg\",\"contentUrl\":\"https:\/\/dsrdanismanlik.com\/wp-content\/uploads\/2024\/02\/LOGO.jpg\",\"width\":95,\"height\":75,\"caption\":\"Profosyonel \u00c7\u00f6z\u00fcm - Durdu Mehmet ATALAY - 0 (505) 677 35 38\"},\"image\":{\"@id\":\"https:\/\/dsrdanismanlik.com\/#\/schema\/logo\/image\/\"},\"sameAs\":[\"https:\/\/www.facebook.com\/dsrdanismanlik\",\"https:\/\/www.instagram.com\/dsr.danismanlik\"]}]}<\/script>\r\n<!-- \/ Yoast SEO plugin. -->","yoast_head_json":{"title":"TEST G\u0130R\u0130\u015e\u0130MC\u0130L\u0130K - Profosyonel \u00c7\u00f6z\u00fcm - Durdu Mehmet ATALAY - 0 (505) 677 35 38","robots":{"index":"index","follow":"follow","max-snippet":"max-snippet:-1","max-image-preview":"max-image-preview:large","max-video-preview":"max-video-preview:-1"},"canonical":"https:\/\/dsrdanismanlik.com\/index.php\/test-girisimcilik\/","og_locale":"tr_TR","og_type":"article","og_title":"TEST G\u0130R\u0130\u015e\u0130MC\u0130L\u0130K - Profosyonel \u00c7\u00f6z\u00fcm - Durdu Mehmet ATALAY - 0 (505) 677 35 38","og_description":"Giri\u015fimcilik projelerinizin ret olmamas\u0131 i\u00e7in gerekli \u015fartlar\u0131 tam olarak sa\u011flaman\u0131z gerekmektedir. Bu test ile eksiklikleriniz tespit edilerek\u00a0 daha kaliteli proje [&hellip;]","og_url":"https:\/\/dsrdanismanlik.com\/index.php\/test-girisimcilik\/","og_site_name":"Profosyonel \u00c7\u00f6z\u00fcm - Durdu Mehmet ATALAY - 0 (505) 677 35 38","article_publisher":"https:\/\/www.facebook.com\/dsrdanismanlik","article_modified_time":"2025-01-10T18:47:51+00:00","twitter_card":"summary_large_image","schema":{"@context":"https:\/\/schema.org","@graph":[{"@type":"WebPage","@id":"https:\/\/dsrdanismanlik.com\/index.php\/test-girisimcilik\/","url":"https:\/\/dsrdanismanlik.com\/index.php\/test-girisimcilik\/","name":"TEST G\u0130R\u0130\u015e\u0130MC\u0130L\u0130K - Profosyonel \u00c7\u00f6z\u00fcm - Durdu Mehmet ATALAY - 0 (505) 677 35 38","isPartOf":{"@id":"https:\/\/dsrdanismanlik.com\/#website"},"datePublished":"2025-01-10T13:53:50+00:00","dateModified":"2025-01-10T18:47:51+00:00","breadcrumb":{"@id":"https:\/\/dsrdanismanlik.com\/index.php\/test-girisimcilik\/#breadcrumb"},"inLanguage":"tr","potentialAction":[{"@type":"ReadAction","target":["https:\/\/dsrdanismanlik.com\/index.php\/test-girisimcilik\/"]}]},{"@type":"BreadcrumbList","@id":"https:\/\/dsrdanismanlik.com\/index.php\/test-girisimcilik\/#breadcrumb","itemListElement":[{"@type":"ListItem","position":1,"name":"Anasayfa","item":"https:\/\/dsrdanismanlik.com\/"},{"@type":"ListItem","position":2,"name":"TEST G\u0130R\u0130\u015e\u0130MC\u0130L\u0130K"}]},{"@type":"WebSite","@id":"https:\/\/dsrdanismanlik.com\/#website","url":"https:\/\/dsrdanismanlik.com\/","name":"Profosyonel \u00c7\u00f6z\u00fcm - Durdu Mehmet ATALAY - 0 (505) 677 35 38","description":"","publisher":{"@id":"https:\/\/dsrdanismanlik.com\/#organization"},"potentialAction":[{"@type":"SearchAction","target":{"@type":"EntryPoint","urlTemplate":"https:\/\/dsrdanismanlik.com\/?s={search_term_string}"},"query-input":{"@type":"PropertyValueSpecification","valueRequired":true,"valueName":"search_term_string"}}],"inLanguage":"tr"},{"@type":"Organization","@id":"https:\/\/dsrdanismanlik.com\/#organization","name":"Profosyonel \u00c7\u00f6z\u00fcm - Durdu Mehmet ATALAY - 0 (505) 677 35 38","url":"https:\/\/dsrdanismanlik.com\/","logo":{"@type":"ImageObject","inLanguage":"tr","@id":"https:\/\/dsrdanismanlik.com\/#\/schema\/logo\/image\/","url":"https:\/\/dsrdanismanlik.com\/wp-content\/uploads\/2024\/02\/LOGO.jpg","contentUrl":"https:\/\/dsrdanismanlik.com\/wp-content\/uploads\/2024\/02\/LOGO.jpg","width":95,"height":75,"caption":"Profosyonel \u00c7\u00f6z\u00fcm - Durdu Mehmet ATALAY - 0 (505) 677 35 38"},"image":{"@id":"https:\/\/dsrdanismanlik.com\/#\/schema\/logo\/image\/"},"sameAs":["https:\/\/www.facebook.com\/dsrdanismanlik","https:\/\/www.instagram.com\/dsr.danismanlik"]}]}},"_links":{"self":[{"href":"https:\/\/dsrdanismanlik.com\/index.php\/wp-json\/wp\/v2\/pages\/817","targetHints":{"allow":["GET"]}}],"collection":[{"href":"https:\/\/dsrdanismanlik.com\/index.php\/wp-json\/wp\/v2\/pages"}],"about":[{"href":"https:\/\/dsrdanismanlik.com\/index.php\/wp-json\/wp\/v2\/types\/page"}],"author":[{"embeddable":true,"href":"https:\/\/dsrdanismanlik.com\/index.php\/wp-json\/wp\/v2\/users\/1"}],"replies":[{"embeddable":true,"href":"https:\/\/dsrdanismanlik.com\/index.php\/wp-json\/wp\/v2\/comments?post=817"}],"version-history":[{"count":3,"href":"https:\/\/dsrdanismanlik.com\/index.php\/wp-json\/wp\/v2\/pages\/817\/revisions"}],"predecessor-version":[{"id":824,"href":"https:\/\/dsrdanismanlik.com\/index.php\/wp-json\/wp\/v2\/pages\/817\/revisions\/824"}],"wp:attachment":[{"href":"https:\/\/dsrdanismanlik.com\/index.php\/wp-json\/wp\/v2\/media?parent=817"}],"curies":[{"name":"wp","href":"https:\/\/api.w.org\/{rel}","templated":true}]}}