{"id":637,"date":"2024-08-04T11:18:59","date_gmt":"2024-08-04T11:18:59","guid":{"rendered":"https:\/\/dsrdanismanlik.com\/?page_id=637"},"modified":"2024-08-04T11:18:59","modified_gmt":"2024-08-04T11:18:59","slug":"yerli-mali-belgesi","status":"publish","type":"page","link":"https:\/\/dsrdanismanlik.com\/index.php\/yerli-mali-belgesi\/","title":{"rendered":"YERL\u0130 MAL\u0130 BELGES\u0130"},"content":{"rendered":"<p>Kamu ihalelerinde talep edilen ve firmalara Y\u00fczde 15&#8217;e kadar fiyat avantaj\u0131 sa\u011flayan\u00a0<strong>Yerli Mal\u0131 Belgesi Tebli\u011f<\/strong>i 13.09.2014 tarih, 29118 say\u0131l\u0131 Resmi Gazete&#8217;de yay\u0131mlanarak y\u00fcr\u00fcrl\u00fc\u011fe girmi\u015ftir.<\/p>\n<p>Yerli Mal\u0131 Belgesi talep eden firmalar\u0131n <strong>Ticaret Odas\u0131 \u00dcyelik ve Belge Hizmetleri M\u00fcd\u00fcrl\u00fc\u011f\u00fc&#8217;ne<\/strong>\u00a0a\u015fa\u011f\u0131da yer alan belgelerle m\u00fcracaat etmeleri gerekmektedir.<\/p>\n<p><strong>A)YERL\u0130 MALI BELGES\u0130 \u0130\u00c7\u0130N KABUL ED\u0130LECEK \u015eARTLAR<\/strong><\/p>\n<ul>\n<li>Bakanl\u0131k taraf\u0131ndan d\u00fczenlenen Sanayi Sicil Belgesine sahip sanayi i\u015fletmeleri taraf\u0131ndan \u00fcretilmesi ve Sanayi Sicil Belgesindeki &#8220;\u00dcretim Konusu&#8221; i\u00e7eri\u011finde yer almas\u0131.<\/li>\n<li>Tamamen T\u00fcrkiye&#8217;de \u00fcretilen veya elde edilen \u00fcr\u00fcnler ile \u00fcretim s\u00fcrecinin \u00f6nemli\u00a0a\u015famalar\u0131n\u0131n ve ekonomik y\u00f6nden gerekli g\u00f6r\u00fclen en son esasl\u0131 i\u015f\u00e7ilik ve eylemin T\u00fcrkiye&#8217;de yap\u0131lm\u0131\u015f olmas\u0131.<\/li>\n<li>\u00dcr\u00fcn\u00fcn yerli katk\u0131 oran\u0131n\u0131n en az y\u00fczde 51 olmas\u0131 gerekmektedir.<\/li>\n<\/ul>\n<p>\u00dcr\u00fcn\u00fcn Yerli Katk\u0131 Oran\u0131n\u0131n hesaplanmas\u0131 i\u00e7in; Yerli Katk\u0131 Oran\u0131 Hesap Cetvelinin \u00fcretici taraf\u0131ndan doldurulmas\u0131 gerekmektedir. Yerli Katk\u0131 Oran\u0131 Hesab\u0131 \u00fcretici taraf\u0131ndan yap\u0131ld\u0131ktan sonra mali y\u00f6nden serbest muhasebeci, serbest muhasebeci mali m\u00fc\u015favir ya da yeminli mali m\u00fc\u015favir taraf\u0131ndan incelenerek resmi kay\u0131tlara uygunlu\u011fu onaylan\u0131r. Bu inceleme s\u0131ras\u0131nda \u00fcr\u00fcn\u00fcn \u00fcretiminde kullan\u0131lan ithal ve yerli girdiler; defter kay\u0131tlar\u0131, faturalar, SGK bildirgeleri, g\u00fcmr\u00fck giri\u015f beyannameleri ve benzeri belgeler g\u00f6z \u00f6n\u00fcnde bulundurularak tespit yap\u0131l\u0131r. \u00dcretici serbest muhasebeci, serbest muhasebeci mali m\u00fc\u015favir ya da yeminli mali m\u00fc\u015favirler aras\u0131ndan muhasebecisini\/m\u00fc\u015favirini belirler.<\/p>\n<p>Yerli Katk\u0131 Oran\u0131 teknik y\u00f6nden incelemesi ise Eksper taraf\u0131ndan yap\u0131l\u0131r. Eksper, \u00fcretici taraf\u0131ndan \u00fcniversitelerin ilgili b\u00f6l\u00fcmlerinden konular\u0131nda uzman ki\u015filer aras\u0131ndan belirlenir veya \u00fcyesi oldu\u011fu Oda&#8217;dan talep edilir. Eksper yerli katk\u0131 oran\u0131 hesab\u0131n\u0131n teknik y\u00f6nden incelemesini yaparak hesaplaman\u0131n do\u011frulu\u011funu onaylar. Bu inceleme s\u0131ras\u0131nda \u00fcretimde kullan\u0131lan girdiler \u00fcretim teknolojisi ve prosesi g\u00f6z \u00f6n\u00fcnde bulundurularak kontrol yap\u0131l\u0131r.<\/p>\n<p><strong>B)BA\u015eVURU \u0130\u00c7\u0130N GEREKL\u0130 BELGELER<\/strong><\/p>\n<ul>\n<li>\u00dcreticiler, Yerli Mal\u0131 Belgesi Ba\u015fvuru Dilek\u00e7esi (Ek-1) ve ekindeki belgelerle birlikte oda\/borsaya ba\u015fvururlar.<\/li>\n<li>T\u00fczel ki\u015filer i\u00e7in, \u00fcreticiyi temsil ve ilzama yetkili ki\u015fi\/ki\u015filerin imza sirk\u00fclerinin asl\u0131 veya noter onayl\u0131 sureti; ger\u00e7ek ki\u015filer i\u00e7in asl\u0131 ibraz edilmek kayd\u0131yla kimlik fotokopisi,<\/li>\n<li>\u00dcreticiyi veya \u00fcreticiyi temsil ve ilzama yetkili ki\u015fi\/ki\u015filer taraf\u0131ndan imzal\u0131 Taahh\u00fctname,<\/li>\n<li>Yerli Katk\u0131 Oran\u0131 Hesap Cetveli (Ek-3) ve hesaplamada baz al\u0131nan belgeler,<\/li>\n<li>Serbest muhasebeci, serbest muhasebeci mali m\u00fc\u015favir veya yeminli mali m\u00fc\u015favirin ruhsat sureti,<\/li>\n<li>Eksperin konusunda uzman oldu\u011funu g\u00f6steren belge sureti (diploma, \u00e7al\u0131\u015ft\u0131\u011f\u0131 veya ba\u011fl\u0131 oldu\u011fu kurum\/kurulu\u015f kimlik kart\u0131 ve benzeri).<\/li>\n<li>T\u00fcrkiye Odalar ve Borsalar Birli\u011fi onay harc\u0131 olan<strong>\u00a0900,00 TL<\/strong>&#8216;nin\u00a01 dekont olacak \u015fekilde;<br \/>\n<table class=\"table table-responsive table-bordered table-striped\">\n<tbody>\n<tr>\n<td colspan=\"2\"><em><strong>Banka \u015fubesi ve hesap numaralar\u0131<\/strong><\/em><\/td>\n<\/tr>\n<tr>\n<td>AKBANK\u00a0\u00a0BAKANLIKLAR \u015eUBES\u0130<\/td>\n<td>\u00a0TR350004600153888000069072<\/td>\n<\/tr>\n<tr>\n<td>VAKIFLAR BANKASI\u00a0MERKEZ \u015eUBES\u0130<\/td>\n<td>TR210001500158007293586413<\/td>\n<\/tr>\n<\/tbody>\n<\/table>\n<\/li>\n<\/ul>\n<p>&nbsp;<\/p>\n<p>Ayr\u0131ca \u00fcr\u00fcne ba\u011fl\u0131 olarak a\u015fa\u011f\u0131da belirtilen belgelerin as\u0131llar\u0131 ibraz edilmek kayd\u0131yla suretleri dilek\u00e7e ekinde yer al\u0131r:<\/p>\n<ul>\n<li>Sanayi Sicil Belgesi sureti<\/li>\n<li>G\u0131da \u0130\u015fletme Kay\u0131t veya Onay Belgesi sureti<\/li>\n<li>\u00c7ift\u00e7i Kay\u0131t Sistemi Belgesi veya G\u0131da, Tar\u0131m ve Hayvanc\u0131l\u0131k Bakanl\u0131\u011f\u0131n\u0131n ilgili kay\u0131t belgesi sureti (\u00d6rt\u00fcalt\u0131 Kay\u0131t Sistemi ve benzeri)<\/li>\n<li>M\u00fcstahsil makbuzu veya fatura sureti<\/li>\n<li>Maden Ruhsat\u0131 sureti<\/li>\n<li>Di\u011fer bilgi ve belgeler (kullan\u0131lan girdilerin men\u015fei ve benzeri)<\/li>\n<\/ul>\n<p>Ba\u015fvuru yap\u0131ld\u0131ktan sonra \u00fcretici taraf\u0131ndan haz\u0131rlanan t\u00fcm bilgi ve belgeler, ilgili Oda\/Borsa taraf\u0131ndan Tebli\u011f ve Uygulama Esaslar\u0131na uygunluk a\u00e7\u0131s\u0131ndan kontrol edilir. Yerli Mal\u0131na konu sanayi \u00fcr\u00fcn\u00fcn\u00fcn Sanayi Sicil Belgesi ve Kapasite\/Ekspertiz Raporu ile uyumlu olup olmad\u0131\u011f\u0131 kontrol edilir. Kontrol i\u015flemlerinden sonra Oda taraf\u0131ndan\u00a0<a href=\"http:\/\/ymb.tobb.org.tr\/\">http:\/\/ymb.tobb.org.tr<\/a>\u00a0adresinden web uygulamas\u0131na girilerek Yerli Mal\u0131 belgesi formu elektronik ortamda doldurulur ve 10 i\u015fg\u00fcn\u00fc i\u00e7erisinde onaylan\u0131r.<\/p>\n","protected":false},"excerpt":{"rendered":"<p>Kamu ihalelerinde talep edilen ve firmalara Y\u00fczde 15&#8217;e kadar fiyat avantaj\u0131 sa\u011flayan\u00a0Yerli Mal\u0131 Belgesi Tebli\u011fi 13.09.2014 tarih, 29118 say\u0131l\u0131 Resmi [&hellip;]<\/p>\n","protected":false},"author":1,"featured_media":0,"parent":0,"menu_order":0,"comment_status":"closed","ping_status":"closed","template":"","meta":{"site-sidebar-layout":"default","site-content-layout":"","ast-site-content-layout":"default","site-content-style":"default","site-sidebar-style":"default","ast-global-header-display":"","ast-banner-title-visibility":"","ast-main-header-display":"","ast-hfb-above-header-display":"","ast-hfb-below-header-display":"","ast-hfb-mobile-header-display":"","site-post-title":"","ast-breadcrumbs-content":"","ast-featured-img":"","footer-sml-layout":"","theme-transparent-header-meta":"default","adv-header-id-meta":"","stick-header-meta":"","header-above-stick-meta":"","header-main-stick-meta":"","header-below-stick-meta":"","astra-migrate-meta-layouts":"set","ast-page-background-enabled":"default","ast-page-background-meta":{"desktop":{"background-color":"var(--ast-global-color-4)","background-image":"","background-repeat":"repeat","background-position":"center center","background-size":"auto","background-attachment":"scroll","background-type":"","background-media":"","overlay-type":"","overlay-color":"","overlay-opacity":"","overlay-gradient":""},"tablet":{"background-color":"","background-image":"","background-repeat":"repeat","background-position":"center center","background-size":"auto","background-attachment":"scroll","background-type":"","background-media":"","overlay-type":"","overlay-color":"","overlay-opacity":"","overlay-gradient":""},"mobile":{"background-color":"","background-image":"","background-repeat":"repeat","background-position":"center center","background-size":"auto","background-attachment":"scroll","background-type":"","background-media":"","overlay-type":"","overlay-color":"","overlay-opacity":"","overlay-gradient":""}},"ast-content-background-meta":{"desktop":{"background-color":"var(--ast-global-color-5)","background-image":"","background-repeat":"repeat","background-position":"center center","background-size":"auto","background-attachment":"scroll","background-type":"","background-media":"","overlay-type":"","overlay-color":"","overlay-opacity":"","overlay-gradient":""},"tablet":{"background-color":"var(--ast-global-color-5)","background-image":"","background-repeat":"repeat","background-position":"center center","background-size":"auto","background-attachment":"scroll","background-type":"","background-media":"","overlay-type":"","overlay-color":"","overlay-opacity":"","overlay-gradient":""},"mobile":{"background-color":"var(--ast-global-color-5)","background-image":"","background-repeat":"repeat","background-position":"center center","background-size":"auto","background-attachment":"scroll","background-type":"","background-media":"","overlay-type":"","overlay-color":"","overlay-opacity":"","overlay-gradient":""}},"_joinchat":[],"footnotes":""},"class_list":["post-637","page","type-page","status-publish","hentry"],"yoast_head":"<!-- This site is optimized with the Yoast SEO plugin v26.0 - https:\/\/yoast.com\/wordpress\/plugins\/seo\/ -->\r\n<title>YERL\u0130 MAL\u0130 BELGES\u0130 - Profosyonel \u00c7\u00f6z\u00fcm - Durdu Mehmet ATALAY - 0 (505) 677 35 38<\/title>\r\n<meta name=\"robots\" content=\"index, follow, max-snippet:-1, max-image-preview:large, max-video-preview:-1\" \/>\r\n<link rel=\"canonical\" href=\"https:\/\/dsrdanismanlik.com\/index.php\/yerli-mali-belgesi\/\" \/>\r\n<meta property=\"og:locale\" content=\"tr_TR\" \/>\r\n<meta property=\"og:type\" content=\"article\" \/>\r\n<meta property=\"og:title\" content=\"YERL\u0130 MAL\u0130 BELGES\u0130 - Profosyonel \u00c7\u00f6z\u00fcm - Durdu Mehmet ATALAY - 0 (505) 677 35 38\" \/>\r\n<meta property=\"og:description\" content=\"Kamu ihalelerinde talep edilen ve firmalara Y\u00fczde 15&#8217;e kadar fiyat avantaj\u0131 sa\u011flayan\u00a0Yerli Mal\u0131 Belgesi Tebli\u011fi 13.09.2014 tarih, 29118 say\u0131l\u0131 Resmi [&hellip;]\" \/>\r\n<meta property=\"og:url\" content=\"https:\/\/dsrdanismanlik.com\/index.php\/yerli-mali-belgesi\/\" \/>\r\n<meta property=\"og:site_name\" content=\"Profosyonel \u00c7\u00f6z\u00fcm - Durdu Mehmet ATALAY - 0 (505) 677 35 38\" \/>\r\n<meta property=\"article:publisher\" content=\"https:\/\/www.facebook.com\/dsrdanismanlik\" \/>\r\n<meta name=\"twitter:card\" content=\"summary_large_image\" \/>\r\n<meta name=\"twitter:label1\" content=\"Tahmini okuma s\u00fcresi\" \/>\n\t<meta name=\"twitter:data1\" content=\"3 dakika\" \/>\r\n<script type=\"application\/ld+json\" class=\"yoast-schema-graph\">{\"@context\":\"https:\/\/schema.org\",\"@graph\":[{\"@type\":\"WebPage\",\"@id\":\"https:\/\/dsrdanismanlik.com\/index.php\/yerli-mali-belgesi\/\",\"url\":\"https:\/\/dsrdanismanlik.com\/index.php\/yerli-mali-belgesi\/\",\"name\":\"YERL\u0130 MAL\u0130 BELGES\u0130 - Profosyonel \u00c7\u00f6z\u00fcm - Durdu Mehmet ATALAY - 0 (505) 677 35 38\",\"isPartOf\":{\"@id\":\"https:\/\/dsrdanismanlik.com\/#website\"},\"datePublished\":\"2024-08-04T11:18:59+00:00\",\"breadcrumb\":{\"@id\":\"https:\/\/dsrdanismanlik.com\/index.php\/yerli-mali-belgesi\/#breadcrumb\"},\"inLanguage\":\"tr\",\"potentialAction\":[{\"@type\":\"ReadAction\",\"target\":[\"https:\/\/dsrdanismanlik.com\/index.php\/yerli-mali-belgesi\/\"]}]},{\"@type\":\"BreadcrumbList\",\"@id\":\"https:\/\/dsrdanismanlik.com\/index.php\/yerli-mali-belgesi\/#breadcrumb\",\"itemListElement\":[{\"@type\":\"ListItem\",\"position\":1,\"name\":\"Anasayfa\",\"item\":\"https:\/\/dsrdanismanlik.com\/\"},{\"@type\":\"ListItem\",\"position\":2,\"name\":\"YERL\u0130 MAL\u0130 BELGES\u0130\"}]},{\"@type\":\"WebSite\",\"@id\":\"https:\/\/dsrdanismanlik.com\/#website\",\"url\":\"https:\/\/dsrdanismanlik.com\/\",\"name\":\"Profosyonel \u00c7\u00f6z\u00fcm - Durdu Mehmet ATALAY - 0 (505) 677 35 38\",\"description\":\"\",\"publisher\":{\"@id\":\"https:\/\/dsrdanismanlik.com\/#organization\"},\"potentialAction\":[{\"@type\":\"SearchAction\",\"target\":{\"@type\":\"EntryPoint\",\"urlTemplate\":\"https:\/\/dsrdanismanlik.com\/?s={search_term_string}\"},\"query-input\":{\"@type\":\"PropertyValueSpecification\",\"valueRequired\":true,\"valueName\":\"search_term_string\"}}],\"inLanguage\":\"tr\"},{\"@type\":\"Organization\",\"@id\":\"https:\/\/dsrdanismanlik.com\/#organization\",\"name\":\"Profosyonel \u00c7\u00f6z\u00fcm - Durdu Mehmet ATALAY - 0 (505) 677 35 38\",\"url\":\"https:\/\/dsrdanismanlik.com\/\",\"logo\":{\"@type\":\"ImageObject\",\"inLanguage\":\"tr\",\"@id\":\"https:\/\/dsrdanismanlik.com\/#\/schema\/logo\/image\/\",\"url\":\"https:\/\/dsrdanismanlik.com\/wp-content\/uploads\/2024\/02\/LOGO.jpg\",\"contentUrl\":\"https:\/\/dsrdanismanlik.com\/wp-content\/uploads\/2024\/02\/LOGO.jpg\",\"width\":95,\"height\":75,\"caption\":\"Profosyonel \u00c7\u00f6z\u00fcm - Durdu Mehmet ATALAY - 0 (505) 677 35 38\"},\"image\":{\"@id\":\"https:\/\/dsrdanismanlik.com\/#\/schema\/logo\/image\/\"},\"sameAs\":[\"https:\/\/www.facebook.com\/dsrdanismanlik\",\"https:\/\/www.instagram.com\/dsr.danismanlik\"]}]}<\/script>\r\n<!-- \/ Yoast SEO plugin. -->","yoast_head_json":{"title":"YERL\u0130 MAL\u0130 BELGES\u0130 - Profosyonel \u00c7\u00f6z\u00fcm - Durdu Mehmet ATALAY - 0 (505) 677 35 38","robots":{"index":"index","follow":"follow","max-snippet":"max-snippet:-1","max-image-preview":"max-image-preview:large","max-video-preview":"max-video-preview:-1"},"canonical":"https:\/\/dsrdanismanlik.com\/index.php\/yerli-mali-belgesi\/","og_locale":"tr_TR","og_type":"article","og_title":"YERL\u0130 MAL\u0130 BELGES\u0130 - Profosyonel \u00c7\u00f6z\u00fcm - Durdu Mehmet ATALAY - 0 (505) 677 35 38","og_description":"Kamu ihalelerinde talep edilen ve firmalara Y\u00fczde 15&#8217;e kadar fiyat avantaj\u0131 sa\u011flayan\u00a0Yerli Mal\u0131 Belgesi Tebli\u011fi 13.09.2014 tarih, 29118 say\u0131l\u0131 Resmi [&hellip;]","og_url":"https:\/\/dsrdanismanlik.com\/index.php\/yerli-mali-belgesi\/","og_site_name":"Profosyonel \u00c7\u00f6z\u00fcm - Durdu Mehmet ATALAY - 0 (505) 677 35 38","article_publisher":"https:\/\/www.facebook.com\/dsrdanismanlik","twitter_card":"summary_large_image","twitter_misc":{"Tahmini okuma s\u00fcresi":"3 dakika"},"schema":{"@context":"https:\/\/schema.org","@graph":[{"@type":"WebPage","@id":"https:\/\/dsrdanismanlik.com\/index.php\/yerli-mali-belgesi\/","url":"https:\/\/dsrdanismanlik.com\/index.php\/yerli-mali-belgesi\/","name":"YERL\u0130 MAL\u0130 BELGES\u0130 - Profosyonel \u00c7\u00f6z\u00fcm - Durdu Mehmet ATALAY - 0 (505) 677 35 38","isPartOf":{"@id":"https:\/\/dsrdanismanlik.com\/#website"},"datePublished":"2024-08-04T11:18:59+00:00","breadcrumb":{"@id":"https:\/\/dsrdanismanlik.com\/index.php\/yerli-mali-belgesi\/#breadcrumb"},"inLanguage":"tr","potentialAction":[{"@type":"ReadAction","target":["https:\/\/dsrdanismanlik.com\/index.php\/yerli-mali-belgesi\/"]}]},{"@type":"BreadcrumbList","@id":"https:\/\/dsrdanismanlik.com\/index.php\/yerli-mali-belgesi\/#breadcrumb","itemListElement":[{"@type":"ListItem","position":1,"name":"Anasayfa","item":"https:\/\/dsrdanismanlik.com\/"},{"@type":"ListItem","position":2,"name":"YERL\u0130 MAL\u0130 BELGES\u0130"}]},{"@type":"WebSite","@id":"https:\/\/dsrdanismanlik.com\/#website","url":"https:\/\/dsrdanismanlik.com\/","name":"Profosyonel \u00c7\u00f6z\u00fcm - Durdu Mehmet ATALAY - 0 (505) 677 35 38","description":"","publisher":{"@id":"https:\/\/dsrdanismanlik.com\/#organization"},"potentialAction":[{"@type":"SearchAction","target":{"@type":"EntryPoint","urlTemplate":"https:\/\/dsrdanismanlik.com\/?s={search_term_string}"},"query-input":{"@type":"PropertyValueSpecification","valueRequired":true,"valueName":"search_term_string"}}],"inLanguage":"tr"},{"@type":"Organization","@id":"https:\/\/dsrdanismanlik.com\/#organization","name":"Profosyonel \u00c7\u00f6z\u00fcm - Durdu Mehmet ATALAY - 0 (505) 677 35 38","url":"https:\/\/dsrdanismanlik.com\/","logo":{"@type":"ImageObject","inLanguage":"tr","@id":"https:\/\/dsrdanismanlik.com\/#\/schema\/logo\/image\/","url":"https:\/\/dsrdanismanlik.com\/wp-content\/uploads\/2024\/02\/LOGO.jpg","contentUrl":"https:\/\/dsrdanismanlik.com\/wp-content\/uploads\/2024\/02\/LOGO.jpg","width":95,"height":75,"caption":"Profosyonel \u00c7\u00f6z\u00fcm - Durdu Mehmet ATALAY - 0 (505) 677 35 38"},"image":{"@id":"https:\/\/dsrdanismanlik.com\/#\/schema\/logo\/image\/"},"sameAs":["https:\/\/www.facebook.com\/dsrdanismanlik","https:\/\/www.instagram.com\/dsr.danismanlik"]}]}},"_links":{"self":[{"href":"https:\/\/dsrdanismanlik.com\/index.php\/wp-json\/wp\/v2\/pages\/637","targetHints":{"allow":["GET"]}}],"collection":[{"href":"https:\/\/dsrdanismanlik.com\/index.php\/wp-json\/wp\/v2\/pages"}],"about":[{"href":"https:\/\/dsrdanismanlik.com\/index.php\/wp-json\/wp\/v2\/types\/page"}],"author":[{"embeddable":true,"href":"https:\/\/dsrdanismanlik.com\/index.php\/wp-json\/wp\/v2\/users\/1"}],"replies":[{"embeddable":true,"href":"https:\/\/dsrdanismanlik.com\/index.php\/wp-json\/wp\/v2\/comments?post=637"}],"version-history":[{"count":1,"href":"https:\/\/dsrdanismanlik.com\/index.php\/wp-json\/wp\/v2\/pages\/637\/revisions"}],"predecessor-version":[{"id":638,"href":"https:\/\/dsrdanismanlik.com\/index.php\/wp-json\/wp\/v2\/pages\/637\/revisions\/638"}],"wp:attachment":[{"href":"https:\/\/dsrdanismanlik.com\/index.php\/wp-json\/wp\/v2\/media?parent=637"}],"curies":[{"name":"wp","href":"https:\/\/api.w.org\/{rel}","templated":true}]}}