{"id":635,"date":"2024-08-04T11:16:46","date_gmt":"2024-08-04T11:16:46","guid":{"rendered":"https:\/\/dsrdanismanlik.com\/?page_id=635"},"modified":"2024-08-04T11:16:46","modified_gmt":"2024-08-04T11:16:46","slug":"kapasite-raporu","status":"publish","type":"page","link":"https:\/\/dsrdanismanlik.com\/index.php\/kapasite-raporu\/","title":{"rendered":"KAPAS\u0130TE RAPORU"},"content":{"rendered":"<p><strong>Kapasite Raporunun Tan\u0131m ve Kapsam\u0131<\/strong><\/p>\n<p>Kapasite Raporu; bir firman\u0131n, mevcut makine park\u0131 ve i\u015fg\u00fcc\u00fcyle, bir y\u0131l zarf\u0131nda ka\u00e7 birimlik \u00fcretim yap\u0131labilece\u011finin belli kriterlerden hareket ederek bilimsel bir \u015fekilde belirlenmesi sonucu d\u00fczenlenen belgedir. Kapasite raporunun ge\u00e7erlilik s\u00fcresi\u00a02 y\u0131ld\u0131r.<\/p>\n<p><strong>Kapasite Raporu Tanziminde Ama\u00e7 Nedir?<\/strong><\/p>\n<p>Kapasite raporlar\u0131 \u00fclkenin s\u0131nai \u00fcretim potansiyelini tespit etmek, ekonomik ve stratejik plan ve programlar\u0131 i\u00e7in veri taban\u0131 olu\u015fturmak amac\u0131yla d\u00fczenlenmektedir. An\u0131lan belge, te\u015fvik,\u00a0 kota, tahsis, ihale, ithalat ve ihracatla ilgili i\u015flemler ile, \u00e7e\u015fitli kamu kurulu\u015flar\u0131 ve Bakanl\u0131klar\u0131n kay\u0131tlar\u0131na girmek i\u00e7in kullan\u0131lmaktad\u0131r. (sanayi sicili, g\u0131da sicili gibi).<\/p>\n<p><strong>Kapasite Raporu Tanzimi Zorunlu K\u0131lan Mevzuatlar Hangileridir?\u00a0<\/strong><\/p>\n<ul>\n<li>6948 say\u0131l\u0131 Sanayi Sicil Kanunu<\/li>\n<li>5174 say\u0131l\u0131 TOBB Kanunu<\/li>\n<li>TOBB Muamelat Y\u00f6netmeli\u011fi<\/li>\n<li>\u0130thalat ve \u0130hracat Y\u00f6netmelikleri<\/li>\n<li>Yat\u0131r\u0131mlar\u0131 Te\u015fvik ile ilgili Tebli\u011fler<\/li>\n<li>560 say\u0131l\u0131 G\u0131dalar\u0131n \u00dcretimi ve T\u00fcketimi ve Denetlenmesine Dair Kanun H\u00fckm\u00fcnde Kararname ve Y\u00f6netmelikleri<\/li>\n<\/ul>\n<p><strong>Kapasite Raporu Hangi Alanlarda Kullan\u0131l\u0131r?<\/strong><\/p>\n<ul>\n<li>Yat\u0131r\u0131m Te\u015fvik Belgesinde,<\/li>\n<li>Vergi incelemelerinde, ihracat KDV iadesinde<\/li>\n<li>\u0130\u015fyeri Belediye Ruhsat m\u00fcracatlar\u0131nda,<\/li>\n<li>D\u0130\u0130B &#8211; Dahilde \u0130\u015fleme \u0130zin Belgesinde,<\/li>\n<li>Ge\u00e7ici Kabul \u0130zin Belgesi m\u00fcracaatlar\u0131nda ve bu belgeler kapsam\u0131ndaki taahh\u00fctlerin kapat\u0131lmas\u0131 a\u015famas\u0131nda,<\/li>\n<li>Yasal bir zorunluluk olan ve indirimli tarifeden elektrik al\u0131m\u0131 i\u00e7in de gerekli g\u00f6r\u00fclen Sanayi Sicil Belgesi m\u00fcracaatlar\u0131nda,<\/li>\n<li>Muhtelif \u0130thalat ve \u0130hracat i\u015flemlerinde,<\/li>\n<li>Resmi ve \u00f6zel ihalelerde,<\/li>\n<li>Yurti\u00e7i ve yurtd\u0131\u015f\u0131 kredi teminlerinde,<\/li>\n<li>Yurti\u00e7i ve yurtd\u0131\u015f\u0131 fuarlara kat\u0131l\u0131mlarda,<\/li>\n<li>Tahsisli veya ithalinde tarife kontenjan\u0131 uygulanan hammaddelerin temininde,<\/li>\n<li>\u0130malat Yeterlilik ve Yerli Mal\u0131 belgesi al\u0131m\u0131nda,<\/li>\n<li>Kamunun muhtelif ama\u00e7l\u0131 incelemelerinde gerekli olmakta ve ayr\u0131ca \u00fclkenin sanayi envanterinin \u00e7\u0131kart\u0131lmas\u0131 \u00e7al\u0131\u015fmalar\u0131 ile seferberlik plan ve programlar\u0131na \u0131\u015f\u0131k tutmaktad\u0131r.<\/li>\n<\/ul>\n<p><strong>Kapasite Raporu \u0130\u00e7in Kimler Ba\u015fvurabilir?<\/strong><\/p>\n<ul>\n<li>Oda \u00fcyesi olan,<\/li>\n<li>Sigortal\u0131 i\u015f\u00e7ileriyle \u00fcretim yapan,<\/li>\n<li>Adresi tescil edilmi\u015f bir i\u015fyeri olan,<\/li>\n<li>Gerekli makine ve tesisat\u0131 bulunan k\u00fc\u00e7\u00fck sanayiciler Kapasite Raporu tanzimi i\u00e7in ba\u015fvurabilirler.<\/li>\n<\/ul>\n<p><strong>Kapasite Raporu Ba\u015fvuru Formunda \u0130stenen Belgeler Hangileridir?<\/strong><\/p>\n<ol>\n<li>T\u00fcrkiye Odalar ve Borsalar Birli\u011fi onay harc\u0131 olan<strong>\u00a03.750,00 TL<\/strong>&#8216;nin\u00a01 dekont olacak \u015fekilde;<\/li>\n<\/ol>\n<p><strong><em><u>Masraf al\u0131nmadan yat\u0131r\u0131labilece\u011fi banka, \u015fubesi ve hesap numaralar\u0131 :<\/u><\/em><\/strong><br \/>\nTR350004600153888000069072\u00a0AKBANK\u00a0\u00a0BAKANLIKLAR\u015eUBES\u0130<br \/>\nTR210001500158007293586413\u00a0VAKIFLAR BAN.\u00a0MERKEZ \u015eUBES\u0130<\/p>\n<p>2.\u00a0\u00a0\u00a0\u00a0Firman\u0131n Kapasite Raporu alaca\u011f\u0131 imalathane adresinin(T\u0130CARET ODASI\u00a0 kay\u0131tlar\u0131ndaki tescilli adres)\u00a0 ba\u011fl\u0131 olunan il\u00e7e belediyesinden al\u0131nm\u0131\u015f UAVT(Ulusal Adres Veri Taban\u0131) adres yaz\u0131s\u0131 ile\u00a0 g\u00fcncellenmi\u015f\u00a0 olmas\u0131 zorunludur. Aksi takdirde Sanayi Sicil Belgesi al\u0131namamaktad\u0131r,<\/p>\n<p>3.\u00a0\u00a0\u00a0\u00a0M\u00fcracaat, firma sahibi veya orta\u011f\u0131 taraf\u0131ndan yap\u0131l\u0131yorsa &#8220;\u0130mza Sirk\u00fcleri&#8221;, vekili\u00a0 taraf\u0131ndan yap\u0131l\u0131yorsa &#8220;Vekaletname&#8221; fotokopileri,<\/p>\n<p>4.\u00a0\u00a0\u00a0\u00a0\u0130malathanenin kira kontrat\u0131n\u0131n yenilenmi\u015f hali veya tapu senedi\u00a0(Kira kontrat\u0131n\u0131n asl\u0131 da kontrol i\u00e7in ibraz edilecektir.),<\/p>\n<p>5.\u00a0\u00a0\u00a0\u00a0\u0130\u015f\u00e7ilerin son 3 aya ait SGK Hizmet Listesi ve Tahakkuk Fi\u015fi(Tahakkuk fi\u015findeki adres imalathane adresi olacakt\u0131r) veya yeni\u00a0 firmalarda SGK \u0130\u015f\u00e7i Giri\u015f Bildirgeleri,<\/p>\n<p>6.\u00a0\u00a0\u00a0\u00a0Vergi Levhas\u0131 fotokopisi,<\/p>\n<p>7.\u00a0\u00a0\u00a0\u00a0\u0130\u015fyerindeki makine ve te\u00e7hizat\u0131n mali m\u00fc\u015favir onayl\u0131 toplam bilan\u00e7o de\u011fer beyan\u0131 ve listesi,<\/p>\n<p>8.\u00a0\u00a0\u00a0\u00a0Kiralama yoluyla edinilen makinelerin;<\/p>\n<p>9.\u00a0\u00a0\u00a0\u00a0Oda sicil kayd\u0131;<\/p>\n<p>10.\u00a0\u00a0\u00a0\u00a0Mali m\u00fc\u015favir onayl\u0131 demirba\u015f listesi.<\/p>\n<p>a)\u00a0\u00a0\u00a0\u00a0Makine Kiralama S\u00f6zle\u015fmesi ile kiralanan makineler varsa,s\u00f6zle\u015fmenin en az 1 y\u0131ll\u0131k olmas\u0131;s\u00fcre 1 y\u0131ldan az kalm\u0131\u015fsa yeni bir s\u00f6zle\u015fme<br \/>\nd\u00fczenlenmesi ve s\u00f6zle\u015fmede imzas\u0131 bulunan taraflar\u0131n imza sirk\u00fclerlerinin birer fotokopisi,<\/p>\n<p>b)\u00a0\u00a0\u00a0\u00a0Finansal Kiralama S\u00f6zle\u015fmesi(Leasing) ile makine edinilmi\u015f ise buna ait leasing s\u00f6zle\u015fmesinin tamam\u0131 ile makinenin proforma faturas\u0131 ve tarihli<br \/>\n\u00f6deme plan\u0131,<\/p>\n<p>&nbsp;<\/p>\n<p><strong><u>Not:<\/u><\/strong><strong>\u00a0Kapasite raporu talebinde bulunan firmalar\u0131n SGK&#8217;l\u0131 i\u015f\u00e7i say\u0131s\u0131 1-9 aras\u0131nda olmal\u0131d\u0131r. 10 ve \u00fczeri personel \u00e7al\u0131\u015ft\u0131ran firmalara Odam\u0131zca kapasite raporu tanzim edilememektedir.<\/strong><\/p>\n<p><strong>Kapasite Raporu Tanzim \u0130\u015flemleri Nas\u0131l Y\u00fcr\u00fct\u00fcl\u00fcr?<\/strong><\/p>\n<ul>\n<li>Firma taraf\u0131ndan kapasite raporu dilek\u00e7esi ve ekinde istenen evraklar ile birlikte\u00a0Ticari \u0130\u015flemler M\u00fcd\u00fcrl\u00fc\u011f\u00fc&#8217;ne ba\u015fvurulur,<\/li>\n<li>Ba\u015fvuru ilgili raport\u00f6r taraf\u0131ndan de\u011ferlendirilir,<\/li>\n<li>G\u00f6revli eksper m\u00fchendis daha \u00f6nceden belirlenen tarihte firman\u0131n i\u015fyerine ziyarette bulunulur,<\/li>\n<li>Eksper m\u00fchendis Kapasite Kriterlerine uygun olarak \u00f6l\u00e7\u00fcm ve tespitlerini yapar ve raporu tanzim eder,<\/li>\n<li>Tanzim edilen rapor, onaylanmak \u00fczere T\u00fcrkiye Odalar ve Borsalar Birli\u011fi&#8217;ne (TOBB) g\u00f6nderilir,<\/li>\n<li>TOBB Onayl\u0131 Rapor\u00a0 firmaya teslim edilir.<\/li>\n<\/ul>\n<p><strong>Kapasite Raporunun Yenilenmesini Gerektiren Nedenler Hangileridir?<\/strong><\/p>\n<ul>\n<li>S\u00fcre bitimi,<\/li>\n<li>Adresi de\u011fi\u015fikli\u011fi,<\/li>\n<li>Kapasite verilerindeki de\u011fi\u015fiklikler.<\/li>\n<\/ul>\n<p><strong>Kapasite Raporunun \u0130ptalini Gerektiren Nedenler Hangileridir?<\/strong><\/p>\n<ul>\n<li>Tesisin ba\u015fka bir firmaya devir edilmesi, k\u0131smen veya tamamen kiraya verilmesi veya geri al\u0131nmas\u0131,<\/li>\n<li>\u0130\u015fyerinin de\u011fi\u015ftirilmesi sonucu, makine ve tesisat tablosunda kapasiteye etki edecek bir de\u011fi\u015fikli\u011fin saptanmas\u0131 (bu durumda eski kapasite raporu iptal edilir yerine yenisi tanzim edilir),<\/li>\n<li>Firman\u0131n sanayicilik vasf\u0131n\u0131 kaybetmesi (firman\u0131n \u00fcretimi b\u0131rakmas\u0131 veya i\u015fyerinin devaml\u0131 kapal\u0131 oldu\u011funun tesbiti),<\/li>\n<li>Kurulu\u015fun feshi veya iflas etmesi,<\/li>\n<li>\u015eah\u0131s firmalar\u0131nda firma sahibinin vefat\u0131, Firman\u0131n faaliyet konusunu de\u011fi\u015ftirmesi veya i\u015fyerini ba\u015fka bir il&#8217;e nakletmesi ve\/veya ba\u015fka bir Oda&#8217;ya kaydolmak suretiyle yeni bir kapasite raporu tanzim ettirmesi,<\/li>\n<li>Tabii afetler nedeniyle makine ve tesisat\u0131n harap olmas\u0131 ve uzun zaman \u00e7al\u0131\u015fmaz durumda bulundu\u011funun tespiti,<\/li>\n<li>Ge\u00e7erlilik s\u00fcresinin dolmas\u0131<\/li>\n<\/ul>\n","protected":false},"excerpt":{"rendered":"<p>Kapasite Raporunun Tan\u0131m ve Kapsam\u0131 Kapasite Raporu; bir firman\u0131n, mevcut makine park\u0131 ve i\u015fg\u00fcc\u00fcyle, bir y\u0131l zarf\u0131nda ka\u00e7 birimlik \u00fcretim [&hellip;]<\/p>\n","protected":false},"author":1,"featured_media":0,"parent":0,"menu_order":0,"comment_status":"closed","ping_status":"closed","template":"","meta":{"site-sidebar-layout":"default","site-content-layout":"","ast-site-content-layout":"default","site-content-style":"default","site-sidebar-style":"default","ast-global-header-display":"","ast-banner-title-visibility":"","ast-main-header-display":"","ast-hfb-above-header-display":"","ast-hfb-below-header-display":"","ast-hfb-mobile-header-display":"","site-post-title":"","ast-breadcrumbs-content":"","ast-featured-img":"","footer-sml-layout":"","theme-transparent-header-meta":"default","adv-header-id-meta":"","stick-header-meta":"","header-above-stick-meta":"","header-main-stick-meta":"","header-below-stick-meta":"","astra-migrate-meta-layouts":"set","ast-page-background-enabled":"default","ast-page-background-meta":{"desktop":{"background-color":"var(--ast-global-color-4)","background-image":"","background-repeat":"repeat","background-position":"center center","background-size":"auto","background-attachment":"scroll","background-type":"","background-media":"","overlay-type":"","overlay-color":"","overlay-opacity":"","overlay-gradient":""},"tablet":{"background-color":"","background-image":"","background-repeat":"repeat","background-position":"center center","background-size":"auto","background-attachment":"scroll","background-type":"","background-media":"","overlay-type":"","overlay-color":"","overlay-opacity":"","overlay-gradient":""},"mobile":{"background-color":"","background-image":"","background-repeat":"repeat","background-position":"center center","background-size":"auto","background-attachment":"scroll","background-type":"","background-media":"","overlay-type":"","overlay-color":"","overlay-opacity":"","overlay-gradient":""}},"ast-content-background-meta":{"desktop":{"background-color":"var(--ast-global-color-5)","background-image":"","background-repeat":"repeat","background-position":"center center","background-size":"auto","background-attachment":"scroll","background-type":"","background-media":"","overlay-type":"","overlay-color":"","overlay-opacity":"","overlay-gradient":""},"tablet":{"background-color":"var(--ast-global-color-5)","background-image":"","background-repeat":"repeat","background-position":"center center","background-size":"auto","background-attachment":"scroll","background-type":"","background-media":"","overlay-type":"","overlay-color":"","overlay-opacity":"","overlay-gradient":""},"mobile":{"background-color":"var(--ast-global-color-5)","background-image":"","background-repeat":"repeat","background-position":"center center","background-size":"auto","background-attachment":"scroll","background-type":"","background-media":"","overlay-type":"","overlay-color":"","overlay-opacity":"","overlay-gradient":""}},"_joinchat":[],"footnotes":""},"class_list":["post-635","page","type-page","status-publish","hentry"],"yoast_head":"<!-- This site is optimized with the Yoast SEO plugin v26.0 - https:\/\/yoast.com\/wordpress\/plugins\/seo\/ -->\r\n<title>KAPAS\u0130TE RAPORU - Profosyonel \u00c7\u00f6z\u00fcm - Durdu Mehmet ATALAY - 0 (505) 677 35 38<\/title>\r\n<meta name=\"robots\" content=\"index, follow, max-snippet:-1, max-image-preview:large, max-video-preview:-1\" \/>\r\n<link rel=\"canonical\" href=\"https:\/\/dsrdanismanlik.com\/index.php\/kapasite-raporu\/\" \/>\r\n<meta property=\"og:locale\" content=\"tr_TR\" \/>\r\n<meta property=\"og:type\" content=\"article\" \/>\r\n<meta property=\"og:title\" content=\"KAPAS\u0130TE RAPORU - Profosyonel \u00c7\u00f6z\u00fcm - Durdu Mehmet ATALAY - 0 (505) 677 35 38\" \/>\r\n<meta property=\"og:description\" content=\"Kapasite Raporunun Tan\u0131m ve Kapsam\u0131 Kapasite Raporu; bir firman\u0131n, mevcut makine park\u0131 ve i\u015fg\u00fcc\u00fcyle, bir y\u0131l zarf\u0131nda ka\u00e7 birimlik \u00fcretim [&hellip;]\" \/>\r\n<meta property=\"og:url\" content=\"https:\/\/dsrdanismanlik.com\/index.php\/kapasite-raporu\/\" \/>\r\n<meta property=\"og:site_name\" content=\"Profosyonel \u00c7\u00f6z\u00fcm - Durdu Mehmet ATALAY - 0 (505) 677 35 38\" \/>\r\n<meta property=\"article:publisher\" content=\"https:\/\/www.facebook.com\/dsrdanismanlik\" \/>\r\n<meta name=\"twitter:card\" content=\"summary_large_image\" \/>\r\n<meta name=\"twitter:label1\" content=\"Tahmini okuma s\u00fcresi\" \/>\n\t<meta name=\"twitter:data1\" content=\"4 dakika\" \/>\r\n<script type=\"application\/ld+json\" class=\"yoast-schema-graph\">{\"@context\":\"https:\/\/schema.org\",\"@graph\":[{\"@type\":\"WebPage\",\"@id\":\"https:\/\/dsrdanismanlik.com\/index.php\/kapasite-raporu\/\",\"url\":\"https:\/\/dsrdanismanlik.com\/index.php\/kapasite-raporu\/\",\"name\":\"KAPAS\u0130TE RAPORU - Profosyonel \u00c7\u00f6z\u00fcm - Durdu Mehmet ATALAY - 0 (505) 677 35 38\",\"isPartOf\":{\"@id\":\"https:\/\/dsrdanismanlik.com\/#website\"},\"datePublished\":\"2024-08-04T11:16:46+00:00\",\"breadcrumb\":{\"@id\":\"https:\/\/dsrdanismanlik.com\/index.php\/kapasite-raporu\/#breadcrumb\"},\"inLanguage\":\"tr\",\"potentialAction\":[{\"@type\":\"ReadAction\",\"target\":[\"https:\/\/dsrdanismanlik.com\/index.php\/kapasite-raporu\/\"]}]},{\"@type\":\"BreadcrumbList\",\"@id\":\"https:\/\/dsrdanismanlik.com\/index.php\/kapasite-raporu\/#breadcrumb\",\"itemListElement\":[{\"@type\":\"ListItem\",\"position\":1,\"name\":\"Anasayfa\",\"item\":\"https:\/\/dsrdanismanlik.com\/\"},{\"@type\":\"ListItem\",\"position\":2,\"name\":\"KAPAS\u0130TE RAPORU\"}]},{\"@type\":\"WebSite\",\"@id\":\"https:\/\/dsrdanismanlik.com\/#website\",\"url\":\"https:\/\/dsrdanismanlik.com\/\",\"name\":\"Profosyonel \u00c7\u00f6z\u00fcm - Durdu Mehmet ATALAY - 0 (505) 677 35 38\",\"description\":\"\",\"publisher\":{\"@id\":\"https:\/\/dsrdanismanlik.com\/#organization\"},\"potentialAction\":[{\"@type\":\"SearchAction\",\"target\":{\"@type\":\"EntryPoint\",\"urlTemplate\":\"https:\/\/dsrdanismanlik.com\/?s={search_term_string}\"},\"query-input\":{\"@type\":\"PropertyValueSpecification\",\"valueRequired\":true,\"valueName\":\"search_term_string\"}}],\"inLanguage\":\"tr\"},{\"@type\":\"Organization\",\"@id\":\"https:\/\/dsrdanismanlik.com\/#organization\",\"name\":\"Profosyonel \u00c7\u00f6z\u00fcm - Durdu Mehmet ATALAY - 0 (505) 677 35 38\",\"url\":\"https:\/\/dsrdanismanlik.com\/\",\"logo\":{\"@type\":\"ImageObject\",\"inLanguage\":\"tr\",\"@id\":\"https:\/\/dsrdanismanlik.com\/#\/schema\/logo\/image\/\",\"url\":\"https:\/\/dsrdanismanlik.com\/wp-content\/uploads\/2024\/02\/LOGO.jpg\",\"contentUrl\":\"https:\/\/dsrdanismanlik.com\/wp-content\/uploads\/2024\/02\/LOGO.jpg\",\"width\":95,\"height\":75,\"caption\":\"Profosyonel \u00c7\u00f6z\u00fcm - Durdu Mehmet ATALAY - 0 (505) 677 35 38\"},\"image\":{\"@id\":\"https:\/\/dsrdanismanlik.com\/#\/schema\/logo\/image\/\"},\"sameAs\":[\"https:\/\/www.facebook.com\/dsrdanismanlik\",\"https:\/\/www.instagram.com\/dsr.danismanlik\"]}]}<\/script>\r\n<!-- \/ Yoast SEO plugin. -->","yoast_head_json":{"title":"KAPAS\u0130TE RAPORU - Profosyonel \u00c7\u00f6z\u00fcm - Durdu Mehmet ATALAY - 0 (505) 677 35 38","robots":{"index":"index","follow":"follow","max-snippet":"max-snippet:-1","max-image-preview":"max-image-preview:large","max-video-preview":"max-video-preview:-1"},"canonical":"https:\/\/dsrdanismanlik.com\/index.php\/kapasite-raporu\/","og_locale":"tr_TR","og_type":"article","og_title":"KAPAS\u0130TE RAPORU - Profosyonel \u00c7\u00f6z\u00fcm - Durdu Mehmet ATALAY - 0 (505) 677 35 38","og_description":"Kapasite Raporunun Tan\u0131m ve Kapsam\u0131 Kapasite Raporu; bir firman\u0131n, mevcut makine park\u0131 ve i\u015fg\u00fcc\u00fcyle, bir y\u0131l zarf\u0131nda ka\u00e7 birimlik \u00fcretim [&hellip;]","og_url":"https:\/\/dsrdanismanlik.com\/index.php\/kapasite-raporu\/","og_site_name":"Profosyonel \u00c7\u00f6z\u00fcm - Durdu Mehmet ATALAY - 0 (505) 677 35 38","article_publisher":"https:\/\/www.facebook.com\/dsrdanismanlik","twitter_card":"summary_large_image","twitter_misc":{"Tahmini okuma s\u00fcresi":"4 dakika"},"schema":{"@context":"https:\/\/schema.org","@graph":[{"@type":"WebPage","@id":"https:\/\/dsrdanismanlik.com\/index.php\/kapasite-raporu\/","url":"https:\/\/dsrdanismanlik.com\/index.php\/kapasite-raporu\/","name":"KAPAS\u0130TE RAPORU - Profosyonel \u00c7\u00f6z\u00fcm - Durdu Mehmet ATALAY - 0 (505) 677 35 38","isPartOf":{"@id":"https:\/\/dsrdanismanlik.com\/#website"},"datePublished":"2024-08-04T11:16:46+00:00","breadcrumb":{"@id":"https:\/\/dsrdanismanlik.com\/index.php\/kapasite-raporu\/#breadcrumb"},"inLanguage":"tr","potentialAction":[{"@type":"ReadAction","target":["https:\/\/dsrdanismanlik.com\/index.php\/kapasite-raporu\/"]}]},{"@type":"BreadcrumbList","@id":"https:\/\/dsrdanismanlik.com\/index.php\/kapasite-raporu\/#breadcrumb","itemListElement":[{"@type":"ListItem","position":1,"name":"Anasayfa","item":"https:\/\/dsrdanismanlik.com\/"},{"@type":"ListItem","position":2,"name":"KAPAS\u0130TE RAPORU"}]},{"@type":"WebSite","@id":"https:\/\/dsrdanismanlik.com\/#website","url":"https:\/\/dsrdanismanlik.com\/","name":"Profosyonel \u00c7\u00f6z\u00fcm - Durdu Mehmet ATALAY - 0 (505) 677 35 38","description":"","publisher":{"@id":"https:\/\/dsrdanismanlik.com\/#organization"},"potentialAction":[{"@type":"SearchAction","target":{"@type":"EntryPoint","urlTemplate":"https:\/\/dsrdanismanlik.com\/?s={search_term_string}"},"query-input":{"@type":"PropertyValueSpecification","valueRequired":true,"valueName":"search_term_string"}}],"inLanguage":"tr"},{"@type":"Organization","@id":"https:\/\/dsrdanismanlik.com\/#organization","name":"Profosyonel \u00c7\u00f6z\u00fcm - Durdu Mehmet ATALAY - 0 (505) 677 35 38","url":"https:\/\/dsrdanismanlik.com\/","logo":{"@type":"ImageObject","inLanguage":"tr","@id":"https:\/\/dsrdanismanlik.com\/#\/schema\/logo\/image\/","url":"https:\/\/dsrdanismanlik.com\/wp-content\/uploads\/2024\/02\/LOGO.jpg","contentUrl":"https:\/\/dsrdanismanlik.com\/wp-content\/uploads\/2024\/02\/LOGO.jpg","width":95,"height":75,"caption":"Profosyonel \u00c7\u00f6z\u00fcm - Durdu Mehmet ATALAY - 0 (505) 677 35 38"},"image":{"@id":"https:\/\/dsrdanismanlik.com\/#\/schema\/logo\/image\/"},"sameAs":["https:\/\/www.facebook.com\/dsrdanismanlik","https:\/\/www.instagram.com\/dsr.danismanlik"]}]}},"_links":{"self":[{"href":"https:\/\/dsrdanismanlik.com\/index.php\/wp-json\/wp\/v2\/pages\/635","targetHints":{"allow":["GET"]}}],"collection":[{"href":"https:\/\/dsrdanismanlik.com\/index.php\/wp-json\/wp\/v2\/pages"}],"about":[{"href":"https:\/\/dsrdanismanlik.com\/index.php\/wp-json\/wp\/v2\/types\/page"}],"author":[{"embeddable":true,"href":"https:\/\/dsrdanismanlik.com\/index.php\/wp-json\/wp\/v2\/users\/1"}],"replies":[{"embeddable":true,"href":"https:\/\/dsrdanismanlik.com\/index.php\/wp-json\/wp\/v2\/comments?post=635"}],"version-history":[{"count":1,"href":"https:\/\/dsrdanismanlik.com\/index.php\/wp-json\/wp\/v2\/pages\/635\/revisions"}],"predecessor-version":[{"id":636,"href":"https:\/\/dsrdanismanlik.com\/index.php\/wp-json\/wp\/v2\/pages\/635\/revisions\/636"}],"wp:attachment":[{"href":"https:\/\/dsrdanismanlik.com\/index.php\/wp-json\/wp\/v2\/media?parent=635"}],"curies":[{"name":"wp","href":"https:\/\/api.w.org\/{rel}","templated":true}]}}