{"id":59,"date":"2024-02-03T15:27:21","date_gmt":"2024-02-03T15:27:21","guid":{"rendered":"https:\/\/dsrdanismanlik.com\/?page_id=59"},"modified":"2026-01-31T05:30:22","modified_gmt":"2026-01-31T05:30:22","slug":"girisimcilik","status":"publish","type":"page","link":"https:\/\/dsrdanismanlik.com\/index.php\/girisimcilik\/","title":{"rendered":"Giri\u015fimcilik"},"content":{"rendered":"<p><a href=\"https:\/\/dsrdanismanlik.com\/index.php\/grisimcilik\/\"><strong>1.-PROJE HAZIRLANMASI \u0130\u00c7\u0130N F\u0130RMANIZA A\u0130T B\u0130LG\u0130 FORMUNU DOLDURUNUZ.<\/strong><\/a><\/p>\n<p><strong>2.-PROJE HAZIRLANMASI \u0130\u00c7\u0130N EK EVRAKLAR ( whatsapp tan g\u00f6nderebilirsiniz)<\/strong><\/p>\n<p>1.-Proforma fatura ve teknik \u00f6zellikler (Sat\u0131c\u0131 firma)<br \/>\n2.-Vergi Levhas\u0131<br \/>\n3.-Oda kayd\u0131<br \/>\n4.-Ortakl\u0131k varsa hisse oranlar\u0131<br \/>\n5.-Gelir vergisi veya kurumlar vergi beyan\u0131<br \/>\n6.-\u0130mza Sirk\u00fcs\u00fc<br \/>\n7.-Kapasite raporu<br \/>\n8.- Diploma, Sertifika, kurs belgesi, Ustal\u0131k, Kalfal\u0131k belgesi.<br \/>\n9.-Giri\u015fimcilik Sertifkas\u0131<br \/>\n10.-PTTUETS al\u0131nmas\u0131<br \/>\n11.-FINDEKS KOSGEB IDR Raporu<\/p>\n<p><!--more--><\/p>\n<p><strong>\u00d6RNEK PROFORMA FATURA VE TEKN\u0130K \u00d6ZELL\u0130KLER<\/strong><br \/>\n<a href=\"https:\/\/dsrdanismanlik.com\/wp-content\/uploads\/2024\/02\/ORNEK-PROFORMA-FATURA.pdf\">\u00d6rnek Proforma Fatura<\/a><br \/>\n<a href=\"https:\/\/dsrdanismanlik.com\/wp-content\/uploads\/2024\/02\/ORNEK-TEKNIK-OZELLIK.pdf\">\u00d6rnek Teknik \u00d6zellikler<\/a><\/p>\n<p><!--more--><\/p>\n<p><a href=\"https:\/\/dsrdanismanlik.com\/index.php\/imalat\/\">\u0130\u015fletme Geli\u015ftirme Deste\u011fi Sekt\u00f6rler listesi<\/a><\/p>\n<p>\u0130\u015f Geli\u015ftirme Deste\u011fine NACE Rev. 2\u2019ye g\u00f6re sekt\u00f6rlerinde faaliyet g\u00f6steren i\u015fletmeler ba\u015fvurabilir<\/p>\n<ul>\n<li style=\"list-style-type: none;\">\n<ul>\n<li>C-\u0130malat<\/li>\n<li>61-Telekom\u00fcnikasyon<\/li>\n<li>62-Bilgisayar programlama, dan\u0131\u015fmanl\u0131k ve ilgili faaliyetler<\/li>\n<li>63-Bilgi hizmet faaliyetleri<\/li>\n<li>72-Bilimsel ara\u015ft\u0131rma ve geli\u015ftirme faaliyetleri<\/li>\n<\/ul>\n<\/li>\n<\/ul>\n<p><!--more--><\/p>\n<p>BA\u015eVURU \u0130\u00c7\u0130N SIK SORUNLAN SORULAR (SSS)<\/p>\n<ul>\n<li>\u0130\u015fletmenizin en fazla \u00fc\u00e7 y\u0131l i\u00e7inde kurulmu\u015f olmas\u0131<\/li>\n<li>\u0130\u015fletmenin hem kurucu ve\u00a0 hem de ortakl\u0131k hissesi en az %50 olmal\u0131d\u0131r.<\/li>\n<li>Kurucunun i\u015f tecr\u00fcbesinin olmas\u0131 (ustal\u0131k, kalfal\u0131k, diploma, sekt\u00f6rde daha \u00f6nceden SGK l\u0131 \u00e7al\u0131\u015fm\u0131\u015f olmak vb.)<\/li>\n<li>Giri\u015fimcinin, i\u015fletmesinin kurulu\u015f tarihinden \u00fc\u00e7 y\u0131l \u00f6ncesinden destek program\u0131na ba\u015fvurdu\u011fu tarihe kadar, ba\u015fvuruda bulundu\u011fu i\u015fletme d\u0131\u015f\u0131nda;\n<ul>\n<li>Ger\u00e7ek ki\u015fi stat\u00fcs\u00fcnde bir firmas\u0131n\u0131n olmamas\u0131,<\/li>\n<li>T\u00fczel ki\u015fi stat\u00fcs\u00fcnde kurulmu\u015f herhangi bir firmada %25 ve \u00fczeri ortakl\u0131\u011f\u0131n\u0131n\/sahipli\u011finin bulunmamas\u0131<\/li>\n<\/ul>\n<\/li>\n<li>Geleneksel Giri\u015fimci Destek Program\u0131 veya \u0130leri Giri\u015fimci Destek Program\u0131ndan yararlanan giri\u015fimci\/i\u015fletme bu destek program\u0131ndan yararlanamaz.<\/li>\n<\/ul>\n<p>\u00d6RNEK HESAP: 1.875.000 TL. KDV hari\u00e7 makine alan i\u015fletmenin geri \u00f6deme takvimi.<br \/>\nMakine KDV hari\u00e7: 1.875.000<br \/>\nDestek al\u0131nacak k\u0131s\u0131m: 1.500.000\u00a0 \u00a0 (1.875.000 %80)<br \/>\n\u00d6demesiz s\u00fcre: 36 ay<\/p>\n<ol>\n<li>Taksit 36 aydan sonra: 375.000 TL. ( 4 Taksit 3 ayda bir 12 ay)<\/li>\n<\/ol>\n<p>&nbsp;<\/p>\n","protected":false},"excerpt":{"rendered":"<p>1.-PROJE HAZIRLANMASI \u0130\u00c7\u0130N F\u0130RMANIZA A\u0130T B\u0130LG\u0130 FORMUNU DOLDURUNUZ. 2.-PROJE HAZIRLANMASI \u0130\u00c7\u0130N EK EVRAKLAR ( whatsapp tan g\u00f6nderebilirsiniz) 1.-Proforma fatura ve [&hellip;]<\/p>\n","protected":false},"author":1,"featured_media":0,"parent":0,"menu_order":0,"comment_status":"closed","ping_status":"closed","template":"","meta":{"site-sidebar-layout":"default","site-content-layout":"","ast-site-content-layout":"default","site-content-style":"default","site-sidebar-style":"default","ast-global-header-display":"","ast-banner-title-visibility":"","ast-main-header-display":"","ast-hfb-above-header-display":"","ast-hfb-below-header-display":"","ast-hfb-mobile-header-display":"","site-post-title":"","ast-breadcrumbs-content":"","ast-featured-img":"","footer-sml-layout":"","theme-transparent-header-meta":"default","adv-header-id-meta":"","stick-header-meta":"","header-above-stick-meta":"","header-main-stick-meta":"","header-below-stick-meta":"","astra-migrate-meta-layouts":"set","ast-page-background-enabled":"default","ast-page-background-meta":{"desktop":{"background-color":"var(--ast-global-color-4)","background-image":"","background-repeat":"repeat","background-position":"center center","background-size":"auto","background-attachment":"scroll","background-type":"","background-media":"","overlay-type":"","overlay-color":"","overlay-opacity":"","overlay-gradient":""},"tablet":{"background-color":"","background-image":"","background-repeat":"repeat","background-position":"center center","background-size":"auto","background-attachment":"scroll","background-type":"","background-media":"","overlay-type":"","overlay-color":"","overlay-opacity":"","overlay-gradient":""},"mobile":{"background-color":"","background-image":"","background-repeat":"repeat","background-position":"center center","background-size":"auto","background-attachment":"scroll","background-type":"","background-media":"","overlay-type":"","overlay-color":"","overlay-opacity":"","overlay-gradient":""}},"ast-content-background-meta":{"desktop":{"background-color":"var(--ast-global-color-5)","background-image":"","background-repeat":"repeat","background-position":"center center","background-size":"auto","background-attachment":"scroll","background-type":"","background-media":"","overlay-type":"","overlay-color":"","overlay-opacity":"","overlay-gradient":""},"tablet":{"background-color":"var(--ast-global-color-5)","background-image":"","background-repeat":"repeat","background-position":"center center","background-size":"auto","background-attachment":"scroll","background-type":"","background-media":"","overlay-type":"","overlay-color":"","overlay-opacity":"","overlay-gradient":""},"mobile":{"background-color":"var(--ast-global-color-5)","background-image":"","background-repeat":"repeat","background-position":"center center","background-size":"auto","background-attachment":"scroll","background-type":"","background-media":"","overlay-type":"","overlay-color":"","overlay-opacity":"","overlay-gradient":""}},"_joinchat":[],"footnotes":""},"class_list":["post-59","page","type-page","status-publish","hentry"],"yoast_head":"<!-- This site is optimized with the Yoast SEO plugin v26.0 - https:\/\/yoast.com\/wordpress\/plugins\/seo\/ -->\r\n<title>Giri\u015fimcilik - Profosyonel \u00c7\u00f6z\u00fcm - Durdu Mehmet ATALAY - 0 (505) 677 35 38<\/title>\r\n<meta name=\"description\" content=\"1.-PROJE HAZIRLANMASI \u0130\u00c7\u0130N F\u0130RMANIZA A\u0130T B\u0130LG\u0130 FORMUNU DOLDURUNUZ.2.-PROJE HAZIRLANMASI \u0130\u00c7\u0130N EK EVRAKLAR ( whatsapp tan g\u00f6nderebilirsiniz)1.-Proforma fatura ve teknik \u00f6zellikler (Sat\u0131c\u0131 firma)2.-Vergi Levhas\u01313.-Oda kayd\u01314.-Ortakl\u0131k varsa hisse oranlar\u01315.-Gelir vergisi veya kurumlar vergi beyan\u01316.-\u0130mza Sirk\u00fcs\u00fc7.-Kapasite raporu8.- Diploma, Sertifika, kurs belgesi, Ustal\u0131k, Kalfal\u0131k belgesi.\" \/>\r\n<meta name=\"robots\" content=\"index, follow, max-snippet:-1, max-image-preview:large, max-video-preview:-1\" \/>\r\n<link rel=\"canonical\" href=\"https:\/\/dsrdanismanlik.com\/index.php\/girisimcilik\/\" \/>\r\n<meta property=\"og:locale\" content=\"tr_TR\" \/>\r\n<meta property=\"og:type\" content=\"article\" \/>\r\n<meta property=\"og:title\" content=\"Giri\u015fimcilik - Profosyonel \u00c7\u00f6z\u00fcm - Durdu Mehmet ATALAY - 0 (505) 677 35 38\" \/>\r\n<meta property=\"og:description\" content=\"1.-PROJE HAZIRLANMASI \u0130\u00c7\u0130N F\u0130RMANIZA A\u0130T B\u0130LG\u0130 FORMUNU DOLDURUNUZ.2.-PROJE HAZIRLANMASI \u0130\u00c7\u0130N EK EVRAKLAR ( whatsapp tan g\u00f6nderebilirsiniz)1.-Proforma fatura ve teknik \u00f6zellikler (Sat\u0131c\u0131 firma)2.-Vergi Levhas\u01313.-Oda kayd\u01314.-Ortakl\u0131k varsa hisse oranlar\u01315.-Gelir vergisi veya kurumlar vergi beyan\u01316.-\u0130mza Sirk\u00fcs\u00fc7.-Kapasite raporu8.- Diploma, Sertifika, kurs belgesi, Ustal\u0131k, Kalfal\u0131k belgesi.\" \/>\r\n<meta property=\"og:url\" content=\"https:\/\/dsrdanismanlik.com\/index.php\/girisimcilik\/\" \/>\r\n<meta property=\"og:site_name\" content=\"Profosyonel \u00c7\u00f6z\u00fcm - Durdu Mehmet ATALAY - 0 (505) 677 35 38\" \/>\r\n<meta property=\"article:publisher\" content=\"https:\/\/www.facebook.com\/dsrdanismanlik\" \/>\r\n<meta property=\"article:modified_time\" content=\"2026-01-31T05:30:22+00:00\" \/>\r\n<meta name=\"twitter:card\" content=\"summary_large_image\" \/>\r\n<meta name=\"twitter:label1\" content=\"Tahmini okuma s\u00fcresi\" \/>\n\t<meta name=\"twitter:data1\" content=\"2 dakika\" \/>\r\n<script type=\"application\/ld+json\" class=\"yoast-schema-graph\">{\"@context\":\"https:\/\/schema.org\",\"@graph\":[{\"@type\":\"WebPage\",\"@id\":\"https:\/\/dsrdanismanlik.com\/index.php\/girisimcilik\/\",\"url\":\"https:\/\/dsrdanismanlik.com\/index.php\/girisimcilik\/\",\"name\":\"Giri\u015fimcilik - Profosyonel \u00c7\u00f6z\u00fcm - Durdu Mehmet ATALAY - 0 (505) 677 35 38\",\"isPartOf\":{\"@id\":\"https:\/\/dsrdanismanlik.com\/#website\"},\"datePublished\":\"2024-02-03T15:27:21+00:00\",\"dateModified\":\"2026-01-31T05:30:22+00:00\",\"description\":\"1.-PROJE HAZIRLANMASI \u0130\u00c7\u0130N F\u0130RMANIZA A\u0130T B\u0130LG\u0130 FORMUNU DOLDURUNUZ.2.-PROJE HAZIRLANMASI \u0130\u00c7\u0130N EK EVRAKLAR ( whatsapp tan g\u00f6nderebilirsiniz)1.-Proforma fatura ve teknik \u00f6zellikler (Sat\u0131c\u0131 firma)2.-Vergi Levhas\u01313.-Oda kayd\u01314.-Ortakl\u0131k varsa hisse oranlar\u01315.-Gelir vergisi veya kurumlar vergi beyan\u01316.-\u0130mza Sirk\u00fcs\u00fc7.-Kapasite raporu8.- Diploma, Sertifika, kurs belgesi, Ustal\u0131k, Kalfal\u0131k belgesi.\",\"breadcrumb\":{\"@id\":\"https:\/\/dsrdanismanlik.com\/index.php\/girisimcilik\/#breadcrumb\"},\"inLanguage\":\"tr\",\"potentialAction\":[{\"@type\":\"ReadAction\",\"target\":[\"https:\/\/dsrdanismanlik.com\/index.php\/girisimcilik\/\"]}]},{\"@type\":\"BreadcrumbList\",\"@id\":\"https:\/\/dsrdanismanlik.com\/index.php\/girisimcilik\/#breadcrumb\",\"itemListElement\":[{\"@type\":\"ListItem\",\"position\":1,\"name\":\"Anasayfa\",\"item\":\"https:\/\/dsrdanismanlik.com\/\"},{\"@type\":\"ListItem\",\"position\":2,\"name\":\"Giri\u015fimcilik\"}]},{\"@type\":\"WebSite\",\"@id\":\"https:\/\/dsrdanismanlik.com\/#website\",\"url\":\"https:\/\/dsrdanismanlik.com\/\",\"name\":\"Profosyonel \u00c7\u00f6z\u00fcm - Durdu Mehmet ATALAY - 0 (505) 677 35 38\",\"description\":\"\",\"publisher\":{\"@id\":\"https:\/\/dsrdanismanlik.com\/#organization\"},\"potentialAction\":[{\"@type\":\"SearchAction\",\"target\":{\"@type\":\"EntryPoint\",\"urlTemplate\":\"https:\/\/dsrdanismanlik.com\/?s={search_term_string}\"},\"query-input\":{\"@type\":\"PropertyValueSpecification\",\"valueRequired\":true,\"valueName\":\"search_term_string\"}}],\"inLanguage\":\"tr\"},{\"@type\":\"Organization\",\"@id\":\"https:\/\/dsrdanismanlik.com\/#organization\",\"name\":\"Profosyonel \u00c7\u00f6z\u00fcm - Durdu Mehmet ATALAY - 0 (505) 677 35 38\",\"url\":\"https:\/\/dsrdanismanlik.com\/\",\"logo\":{\"@type\":\"ImageObject\",\"inLanguage\":\"tr\",\"@id\":\"https:\/\/dsrdanismanlik.com\/#\/schema\/logo\/image\/\",\"url\":\"https:\/\/dsrdanismanlik.com\/wp-content\/uploads\/2024\/02\/LOGO.jpg\",\"contentUrl\":\"https:\/\/dsrdanismanlik.com\/wp-content\/uploads\/2024\/02\/LOGO.jpg\",\"width\":95,\"height\":75,\"caption\":\"Profosyonel \u00c7\u00f6z\u00fcm - Durdu Mehmet ATALAY - 0 (505) 677 35 38\"},\"image\":{\"@id\":\"https:\/\/dsrdanismanlik.com\/#\/schema\/logo\/image\/\"},\"sameAs\":[\"https:\/\/www.facebook.com\/dsrdanismanlik\",\"https:\/\/www.instagram.com\/dsr.danismanlik\"]}]}<\/script>\r\n<!-- \/ Yoast SEO plugin. -->","yoast_head_json":{"title":"Giri\u015fimcilik - Profosyonel \u00c7\u00f6z\u00fcm - Durdu Mehmet ATALAY - 0 (505) 677 35 38","description":"1.-PROJE HAZIRLANMASI \u0130\u00c7\u0130N F\u0130RMANIZA A\u0130T B\u0130LG\u0130 FORMUNU DOLDURUNUZ.2.-PROJE HAZIRLANMASI \u0130\u00c7\u0130N EK EVRAKLAR ( whatsapp tan g\u00f6nderebilirsiniz)1.-Proforma fatura ve teknik \u00f6zellikler (Sat\u0131c\u0131 firma)2.-Vergi Levhas\u01313.-Oda kayd\u01314.-Ortakl\u0131k varsa hisse oranlar\u01315.-Gelir vergisi veya kurumlar vergi beyan\u01316.-\u0130mza Sirk\u00fcs\u00fc7.-Kapasite raporu8.- Diploma, Sertifika, kurs belgesi, Ustal\u0131k, Kalfal\u0131k belgesi.","robots":{"index":"index","follow":"follow","max-snippet":"max-snippet:-1","max-image-preview":"max-image-preview:large","max-video-preview":"max-video-preview:-1"},"canonical":"https:\/\/dsrdanismanlik.com\/index.php\/girisimcilik\/","og_locale":"tr_TR","og_type":"article","og_title":"Giri\u015fimcilik - Profosyonel \u00c7\u00f6z\u00fcm - Durdu Mehmet ATALAY - 0 (505) 677 35 38","og_description":"1.-PROJE HAZIRLANMASI \u0130\u00c7\u0130N F\u0130RMANIZA A\u0130T B\u0130LG\u0130 FORMUNU DOLDURUNUZ.2.-PROJE HAZIRLANMASI \u0130\u00c7\u0130N EK EVRAKLAR ( whatsapp tan g\u00f6nderebilirsiniz)1.-Proforma fatura ve teknik \u00f6zellikler (Sat\u0131c\u0131 firma)2.-Vergi Levhas\u01313.-Oda kayd\u01314.-Ortakl\u0131k varsa hisse oranlar\u01315.-Gelir vergisi veya kurumlar vergi beyan\u01316.-\u0130mza Sirk\u00fcs\u00fc7.-Kapasite raporu8.- Diploma, Sertifika, kurs belgesi, Ustal\u0131k, Kalfal\u0131k belgesi.","og_url":"https:\/\/dsrdanismanlik.com\/index.php\/girisimcilik\/","og_site_name":"Profosyonel \u00c7\u00f6z\u00fcm - Durdu Mehmet ATALAY - 0 (505) 677 35 38","article_publisher":"https:\/\/www.facebook.com\/dsrdanismanlik","article_modified_time":"2026-01-31T05:30:22+00:00","twitter_card":"summary_large_image","twitter_misc":{"Tahmini okuma s\u00fcresi":"2 dakika"},"schema":{"@context":"https:\/\/schema.org","@graph":[{"@type":"WebPage","@id":"https:\/\/dsrdanismanlik.com\/index.php\/girisimcilik\/","url":"https:\/\/dsrdanismanlik.com\/index.php\/girisimcilik\/","name":"Giri\u015fimcilik - Profosyonel \u00c7\u00f6z\u00fcm - Durdu Mehmet ATALAY - 0 (505) 677 35 38","isPartOf":{"@id":"https:\/\/dsrdanismanlik.com\/#website"},"datePublished":"2024-02-03T15:27:21+00:00","dateModified":"2026-01-31T05:30:22+00:00","description":"1.-PROJE HAZIRLANMASI \u0130\u00c7\u0130N F\u0130RMANIZA A\u0130T B\u0130LG\u0130 FORMUNU DOLDURUNUZ.2.-PROJE HAZIRLANMASI \u0130\u00c7\u0130N EK EVRAKLAR ( whatsapp tan g\u00f6nderebilirsiniz)1.-Proforma fatura ve teknik \u00f6zellikler (Sat\u0131c\u0131 firma)2.-Vergi Levhas\u01313.-Oda kayd\u01314.-Ortakl\u0131k varsa hisse oranlar\u01315.-Gelir vergisi veya kurumlar vergi beyan\u01316.-\u0130mza Sirk\u00fcs\u00fc7.-Kapasite raporu8.- Diploma, Sertifika, kurs belgesi, Ustal\u0131k, Kalfal\u0131k belgesi.","breadcrumb":{"@id":"https:\/\/dsrdanismanlik.com\/index.php\/girisimcilik\/#breadcrumb"},"inLanguage":"tr","potentialAction":[{"@type":"ReadAction","target":["https:\/\/dsrdanismanlik.com\/index.php\/girisimcilik\/"]}]},{"@type":"BreadcrumbList","@id":"https:\/\/dsrdanismanlik.com\/index.php\/girisimcilik\/#breadcrumb","itemListElement":[{"@type":"ListItem","position":1,"name":"Anasayfa","item":"https:\/\/dsrdanismanlik.com\/"},{"@type":"ListItem","position":2,"name":"Giri\u015fimcilik"}]},{"@type":"WebSite","@id":"https:\/\/dsrdanismanlik.com\/#website","url":"https:\/\/dsrdanismanlik.com\/","name":"Profosyonel \u00c7\u00f6z\u00fcm - Durdu Mehmet ATALAY - 0 (505) 677 35 38","description":"","publisher":{"@id":"https:\/\/dsrdanismanlik.com\/#organization"},"potentialAction":[{"@type":"SearchAction","target":{"@type":"EntryPoint","urlTemplate":"https:\/\/dsrdanismanlik.com\/?s={search_term_string}"},"query-input":{"@type":"PropertyValueSpecification","valueRequired":true,"valueName":"search_term_string"}}],"inLanguage":"tr"},{"@type":"Organization","@id":"https:\/\/dsrdanismanlik.com\/#organization","name":"Profosyonel \u00c7\u00f6z\u00fcm - Durdu Mehmet ATALAY - 0 (505) 677 35 38","url":"https:\/\/dsrdanismanlik.com\/","logo":{"@type":"ImageObject","inLanguage":"tr","@id":"https:\/\/dsrdanismanlik.com\/#\/schema\/logo\/image\/","url":"https:\/\/dsrdanismanlik.com\/wp-content\/uploads\/2024\/02\/LOGO.jpg","contentUrl":"https:\/\/dsrdanismanlik.com\/wp-content\/uploads\/2024\/02\/LOGO.jpg","width":95,"height":75,"caption":"Profosyonel \u00c7\u00f6z\u00fcm - Durdu Mehmet ATALAY - 0 (505) 677 35 38"},"image":{"@id":"https:\/\/dsrdanismanlik.com\/#\/schema\/logo\/image\/"},"sameAs":["https:\/\/www.facebook.com\/dsrdanismanlik","https:\/\/www.instagram.com\/dsr.danismanlik"]}]}},"_links":{"self":[{"href":"https:\/\/dsrdanismanlik.com\/index.php\/wp-json\/wp\/v2\/pages\/59","targetHints":{"allow":["GET"]}}],"collection":[{"href":"https:\/\/dsrdanismanlik.com\/index.php\/wp-json\/wp\/v2\/pages"}],"about":[{"href":"https:\/\/dsrdanismanlik.com\/index.php\/wp-json\/wp\/v2\/types\/page"}],"author":[{"embeddable":true,"href":"https:\/\/dsrdanismanlik.com\/index.php\/wp-json\/wp\/v2\/users\/1"}],"replies":[{"embeddable":true,"href":"https:\/\/dsrdanismanlik.com\/index.php\/wp-json\/wp\/v2\/comments?post=59"}],"version-history":[{"count":27,"href":"https:\/\/dsrdanismanlik.com\/index.php\/wp-json\/wp\/v2\/pages\/59\/revisions"}],"predecessor-version":[{"id":1150,"href":"https:\/\/dsrdanismanlik.com\/index.php\/wp-json\/wp\/v2\/pages\/59\/revisions\/1150"}],"wp:attachment":[{"href":"https:\/\/dsrdanismanlik.com\/index.php\/wp-json\/wp\/v2\/media?parent=59"}],"curies":[{"name":"wp","href":"https:\/\/api.w.org\/{rel}","templated":true}]}}