{"id":41,"date":"2024-02-03T15:16:04","date_gmt":"2024-02-03T15:16:04","guid":{"rendered":"https:\/\/dsrdanismanlik.com\/?page_id=41"},"modified":"2025-07-05T09:51:56","modified_gmt":"2025-07-05T09:51:56","slug":"e-ticaret-danismanligi","status":"publish","type":"page","link":"https:\/\/dsrdanismanlik.com\/index.php\/e-ticaret-danismanligi\/","title":{"rendered":"E-T\u0130CARET DANI\u015eMANLI\u011eI"},"content":{"rendered":"<p>E-ticaret, elektronik ticareti mal veya hizmet al\u0131\u015fveri\u015fi gibi ticari i\u015flemlerin internet \u00fczerinden ger\u00e7ekle\u015ftirilmesini ifade eder. Geleneksel ticaretin aksine, e-ticaret fiziksel ma\u011faza ziyaretine gerek kalmadan, \u00e7evrimi\u00e7i platformlar arac\u0131l\u0131\u011f\u0131yla al\u0131\u015fveri\u015f yapma imkan\u0131 sunar.<\/p>\n<p>M\u00fc\u015fterilerimizin e- ticaret sitelerinin kurulumunu ve \u00fcr\u00fcnlerini\u00a0 y\u00fckl\u00fcyoruz. Kredi kart\u0131 ile \u00f6deme i\u015flemini ayarl\u0131yoruz. sat\u0131\u015fa haz\u0131r hale getirip teslimat\u0131n\u0131 yap\u0131yoruz.<\/p>\n<p>&nbsp;<\/p>\n<p><img decoding=\"async\" class=\"alignnone wp-image-995 lazyload\" data-src=\"https:\/\/dsrdanismanlik.com\/wp-content\/uploads\/2025\/07\/E-Ticaret.jpg\" alt=\"\" width=\"715\" height=\"1037\" data-srcset=\"https:\/\/dsrdanismanlik.com\/wp-content\/uploads\/2025\/07\/E-Ticaret.jpg 612w, https:\/\/dsrdanismanlik.com\/wp-content\/uploads\/2025\/07\/E-Ticaret-207x300.jpg 207w\" data-sizes=\"(max-width: 715px) 100vw, 715px\" src=\"data:image\/svg+xml;base64,PHN2ZyB3aWR0aD0iMSIgaGVpZ2h0PSIxIiB4bWxucz0iaHR0cDovL3d3dy53My5vcmcvMjAwMC9zdmciPjwvc3ZnPg==\" style=\"--smush-placeholder-width: 715px; --smush-placeholder-aspect-ratio: 715\/1037;\" \/><\/p>\n<p>&nbsp;<\/p>\n<p>&nbsp;<\/p>\n<p>&nbsp;<\/p>\n<p>&nbsp;<\/p>\n<p>&nbsp;<\/p>\n<p style=\"text-align: center;\"><strong>E-T\u0130CARET S\u0130TES\u0130 BELL\u0130 \u00d6ZELL\u0130KLER<\/strong><\/p>\n<table style=\"height: 1591px;\" width=\"762\">\n<thead>\n<tr>\n<td width=\"108\"><strong>\u00d6ZELL\u0130KLER<\/strong><\/td>\n<td width=\"108\"><strong>VAR\/YOK<\/strong><\/td>\n<\/tr>\n<\/thead>\n<tbody>\n<tr>\n<td width=\"108\">Dinamik Alt Yap\u0131 (CMS)<\/td>\n<td width=\"108\">Var<\/td>\n<\/tr>\n<tr>\n<td width=\"108\">\u0130\u00e7erik d\u00fczenleme<\/td>\n<td width=\"108\">S\u0131n\u0131rs\u0131z<\/td>\n<\/tr>\n<tr>\n<td width=\"108\">Sayfa Ekleme<\/td>\n<td width=\"108\">S\u0131n\u0131rs\u0131z<\/td>\n<\/tr>\n<tr>\n<td width=\"108\">\u00dcr\u00fcn Ekleme<\/td>\n<td width=\"108\">S\u0131n\u0131rs\u0131z<\/td>\n<\/tr>\n<tr>\n<td width=\"108\">Resim Galerisi<\/td>\n<td width=\"108\">S\u0131n\u0131rs\u0131z<\/td>\n<\/tr>\n<tr>\n<td width=\"108\">Video Galerisi<\/td>\n<td width=\"108\">S\u0131n\u0131rs\u0131z<\/td>\n<\/tr>\n<tr>\n<td width=\"108\">Katagori Ekleme<\/td>\n<td width=\"108\">S\u0131n\u0131rs\u0131z<\/td>\n<\/tr>\n<tr>\n<td width=\"108\">Responsive Tasar\u0131m (Mobil ve Tablet Uyumlu)<\/td>\n<td width=\"108\">Var<\/td>\n<\/tr>\n<tr>\n<td width=\"108\">Google maps<\/td>\n<td width=\"108\">Var<\/td>\n<\/tr>\n<tr>\n<td width=\"108\">Slide Show<\/td>\n<td width=\"108\">S\u0131n\u0131rs\u0131z<\/td>\n<\/tr>\n<tr>\n<td width=\"108\">Google Analistik<\/td>\n<td width=\"108\">Var<\/td>\n<\/tr>\n<tr>\n<td width=\"108\">Sosyal Medya Entegrasyonu<\/td>\n<td width=\"108\">Var<\/td>\n<\/tr>\n<tr>\n<td width=\"458\">Arama Motoru Optimizasyonu (SEO)<\/td>\n<td width=\"108\">Var<\/td>\n<\/tr>\n<tr>\n<td width=\"108\">\u0130\u00e7erik d\u00fczenleme SEO uygun<\/td>\n<td width=\"108\">Var<\/td>\n<\/tr>\n<tr>\n<td width=\"108\">\u0130leti\u015fim mod\u00fcl\u00fc<\/td>\n<td width=\"108\">Var<\/td>\n<\/tr>\n<tr>\n<td width=\"458\">Mesafeli Sat\u0131\u015f s\u00f6zle\u015fmesi<\/td>\n<td width=\"108\">Var<\/td>\n<\/tr>\n<tr>\n<td width=\"458\">Varyasyonlu \u00dcr\u00fcn Ekleme<\/td>\n<td width=\"108\">Var<\/td>\n<\/tr>\n<tr>\n<td width=\"458\">Fiyata g\u00f6re \u00fcr\u00fcn arama<\/td>\n<td width=\"108\">Var<\/td>\n<\/tr>\n<tr>\n<td width=\"458\">\u00dcr\u00fcn etiket tan\u0131mlama<\/td>\n<td width=\"108\">Var<\/td>\n<\/tr>\n<tr>\n<td width=\"458\">Referanslar<\/td>\n<td width=\"108\">Var<\/td>\n<\/tr>\n<tr>\n<td width=\"458\">Katalog ekleme<\/td>\n<td width=\"108\">Var<\/td>\n<\/tr>\n<tr>\n<td width=\"458\">e-posta hesaplar\u0131<\/td>\n<td width=\"108\">S\u0131n\u0131rs\u0131z<\/td>\n<\/tr>\n<tr>\n<td width=\"458\">24\/7 Destek<\/td>\n<td width=\"108\">Var<\/td>\n<\/tr>\n<tr>\n<td width=\"458\">Mail, Telefon ve online destek<\/td>\n<td width=\"108\">Var<\/td>\n<\/tr>\n<tr>\n<td width=\"458\">whatsapp eklentisi<\/td>\n<td width=\"108\">Var<\/td>\n<\/tr>\n<tr>\n<td width=\"458\">Site \u00fcyelik<\/td>\n<td width=\"108\">Var<\/td>\n<\/tr>\n<tr>\n<td width=\"458\">istenmeyen yorumlar\u0131n engellenmesi (recaptcha)<\/td>\n<td width=\"108\">Var<\/td>\n<\/tr>\n<tr>\n<td width=\"458\">popup builder<\/td>\n<td width=\"108\">Var<\/td>\n<\/tr>\n<tr>\n<td width=\"458\">Site G\u00fcvenli\u011fi (256 SSL sertifika)<\/td>\n<td width=\"108\">Var<\/td>\n<\/tr>\n<tr>\n<td width=\"458\">Sanal Pos (\u0130yzico)<\/td>\n<td width=\"108\">Var<\/td>\n<\/tr>\n<tr>\n<td width=\"458\">Domain+Hosting (1 Y\u0131l)<\/td>\n<td width=\"108\">Var<\/td>\n<\/tr>\n<\/tbody>\n<\/table>\n","protected":false},"excerpt":{"rendered":"<p>E-ticaret, elektronik ticareti mal veya hizmet al\u0131\u015fveri\u015fi gibi ticari i\u015flemlerin internet \u00fczerinden ger\u00e7ekle\u015ftirilmesini ifade eder. Geleneksel ticaretin aksine, e-ticaret fiziksel [&hellip;]<\/p>\n","protected":false},"author":1,"featured_media":0,"parent":0,"menu_order":0,"comment_status":"closed","ping_status":"closed","template":"","meta":{"site-sidebar-layout":"default","site-content-layout":"","ast-site-content-layout":"default","site-content-style":"default","site-sidebar-style":"default","ast-global-header-display":"","ast-banner-title-visibility":"","ast-main-header-display":"","ast-hfb-above-header-display":"","ast-hfb-below-header-display":"","ast-hfb-mobile-header-display":"","site-post-title":"","ast-breadcrumbs-content":"","ast-featured-img":"","footer-sml-layout":"","theme-transparent-header-meta":"default","adv-header-id-meta":"","stick-header-meta":"","header-above-stick-meta":"","header-main-stick-meta":"","header-below-stick-meta":"","astra-migrate-meta-layouts":"set","ast-page-background-enabled":"default","ast-page-background-meta":{"desktop":{"background-color":"var(--ast-global-color-4)","background-image":"","background-repeat":"repeat","background-position":"center center","background-size":"auto","background-attachment":"scroll","background-type":"","background-media":"","overlay-type":"","overlay-color":"","overlay-opacity":"","overlay-gradient":""},"tablet":{"background-color":"","background-image":"","background-repeat":"repeat","background-position":"center center","background-size":"auto","background-attachment":"scroll","background-type":"","background-media":"","overlay-type":"","overlay-color":"","overlay-opacity":"","overlay-gradient":""},"mobile":{"background-color":"","background-image":"","background-repeat":"repeat","background-position":"center center","background-size":"auto","background-attachment":"scroll","background-type":"","background-media":"","overlay-type":"","overlay-color":"","overlay-opacity":"","overlay-gradient":""}},"ast-content-background-meta":{"desktop":{"background-color":"var(--ast-global-color-5)","background-image":"","background-repeat":"repeat","background-position":"center center","background-size":"auto","background-attachment":"scroll","background-type":"","background-media":"","overlay-type":"","overlay-color":"","overlay-opacity":"","overlay-gradient":""},"tablet":{"background-color":"var(--ast-global-color-5)","background-image":"","background-repeat":"repeat","background-position":"center center","background-size":"auto","background-attachment":"scroll","background-type":"","background-media":"","overlay-type":"","overlay-color":"","overlay-opacity":"","overlay-gradient":""},"mobile":{"background-color":"var(--ast-global-color-5)","background-image":"","background-repeat":"repeat","background-position":"center center","background-size":"auto","background-attachment":"scroll","background-type":"","background-media":"","overlay-type":"","overlay-color":"","overlay-opacity":"","overlay-gradient":""}},"_joinchat":[],"footnotes":""},"class_list":["post-41","page","type-page","status-publish","hentry"],"yoast_head":"<!-- This site is optimized with the Yoast SEO plugin v26.0 - https:\/\/yoast.com\/wordpress\/plugins\/seo\/ -->\r\n<title>E-T\u0130CARET DANI\u015eMANLI\u011eI - Profosyonel \u00c7\u00f6z\u00fcm - Durdu Mehmet ATALAY - 0 (505) 677 35 38<\/title>\r\n<meta name=\"robots\" content=\"index, follow, max-snippet:-1, max-image-preview:large, max-video-preview:-1\" \/>\r\n<link rel=\"canonical\" href=\"https:\/\/dsrdanismanlik.com\/index.php\/e-ticaret-danismanligi\/\" \/>\r\n<meta property=\"og:locale\" content=\"tr_TR\" \/>\r\n<meta property=\"og:type\" content=\"article\" \/>\r\n<meta property=\"og:title\" content=\"E-T\u0130CARET DANI\u015eMANLI\u011eI - Profosyonel \u00c7\u00f6z\u00fcm - Durdu Mehmet ATALAY - 0 (505) 677 35 38\" \/>\r\n<meta property=\"og:description\" content=\"E-ticaret, elektronik ticareti mal veya hizmet al\u0131\u015fveri\u015fi gibi ticari i\u015flemlerin internet \u00fczerinden ger\u00e7ekle\u015ftirilmesini ifade eder. Geleneksel ticaretin aksine, e-ticaret fiziksel [&hellip;]\" \/>\r\n<meta property=\"og:url\" content=\"https:\/\/dsrdanismanlik.com\/index.php\/e-ticaret-danismanligi\/\" \/>\r\n<meta property=\"og:site_name\" content=\"Profosyonel \u00c7\u00f6z\u00fcm - Durdu Mehmet ATALAY - 0 (505) 677 35 38\" \/>\r\n<meta property=\"article:publisher\" content=\"https:\/\/www.facebook.com\/dsrdanismanlik\" \/>\r\n<meta property=\"article:modified_time\" content=\"2025-07-05T09:51:56+00:00\" \/>\r\n<meta property=\"og:image\" content=\"https:\/\/dsrdanismanlik.com\/wp-content\/uploads\/2025\/07\/E-Ticaret.jpg\" \/>\r\n\t<meta property=\"og:image:width\" content=\"612\" \/>\r\n\t<meta property=\"og:image:height\" content=\"888\" \/>\r\n\t<meta property=\"og:image:type\" content=\"image\/jpeg\" \/>\r\n<meta name=\"twitter:card\" content=\"summary_large_image\" \/>\r\n<meta name=\"twitter:label1\" content=\"Tahmini okuma s\u00fcresi\" \/>\n\t<meta name=\"twitter:data1\" content=\"2 dakika\" \/>\r\n<script type=\"application\/ld+json\" class=\"yoast-schema-graph\">{\"@context\":\"https:\/\/schema.org\",\"@graph\":[{\"@type\":\"WebPage\",\"@id\":\"https:\/\/dsrdanismanlik.com\/index.php\/e-ticaret-danismanligi\/\",\"url\":\"https:\/\/dsrdanismanlik.com\/index.php\/e-ticaret-danismanligi\/\",\"name\":\"E-T\u0130CARET DANI\u015eMANLI\u011eI - Profosyonel \u00c7\u00f6z\u00fcm - Durdu Mehmet ATALAY - 0 (505) 677 35 38\",\"isPartOf\":{\"@id\":\"https:\/\/dsrdanismanlik.com\/#website\"},\"primaryImageOfPage\":{\"@id\":\"https:\/\/dsrdanismanlik.com\/index.php\/e-ticaret-danismanligi\/#primaryimage\"},\"image\":{\"@id\":\"https:\/\/dsrdanismanlik.com\/index.php\/e-ticaret-danismanligi\/#primaryimage\"},\"thumbnailUrl\":\"https:\/\/dsrdanismanlik.com\/wp-content\/uploads\/2025\/07\/E-Ticaret.jpg\",\"datePublished\":\"2024-02-03T15:16:04+00:00\",\"dateModified\":\"2025-07-05T09:51:56+00:00\",\"breadcrumb\":{\"@id\":\"https:\/\/dsrdanismanlik.com\/index.php\/e-ticaret-danismanligi\/#breadcrumb\"},\"inLanguage\":\"tr\",\"potentialAction\":[{\"@type\":\"ReadAction\",\"target\":[\"https:\/\/dsrdanismanlik.com\/index.php\/e-ticaret-danismanligi\/\"]}]},{\"@type\":\"ImageObject\",\"inLanguage\":\"tr\",\"@id\":\"https:\/\/dsrdanismanlik.com\/index.php\/e-ticaret-danismanligi\/#primaryimage\",\"url\":\"https:\/\/dsrdanismanlik.com\/wp-content\/uploads\/2025\/07\/E-Ticaret.jpg\",\"contentUrl\":\"https:\/\/dsrdanismanlik.com\/wp-content\/uploads\/2025\/07\/E-Ticaret.jpg\",\"width\":612,\"height\":888},{\"@type\":\"BreadcrumbList\",\"@id\":\"https:\/\/dsrdanismanlik.com\/index.php\/e-ticaret-danismanligi\/#breadcrumb\",\"itemListElement\":[{\"@type\":\"ListItem\",\"position\":1,\"name\":\"Anasayfa\",\"item\":\"https:\/\/dsrdanismanlik.com\/\"},{\"@type\":\"ListItem\",\"position\":2,\"name\":\"E-T\u0130CARET DANI\u015eMANLI\u011eI\"}]},{\"@type\":\"WebSite\",\"@id\":\"https:\/\/dsrdanismanlik.com\/#website\",\"url\":\"https:\/\/dsrdanismanlik.com\/\",\"name\":\"Profosyonel \u00c7\u00f6z\u00fcm - Durdu Mehmet ATALAY - 0 (505) 677 35 38\",\"description\":\"\",\"publisher\":{\"@id\":\"https:\/\/dsrdanismanlik.com\/#organization\"},\"potentialAction\":[{\"@type\":\"SearchAction\",\"target\":{\"@type\":\"EntryPoint\",\"urlTemplate\":\"https:\/\/dsrdanismanlik.com\/?s={search_term_string}\"},\"query-input\":{\"@type\":\"PropertyValueSpecification\",\"valueRequired\":true,\"valueName\":\"search_term_string\"}}],\"inLanguage\":\"tr\"},{\"@type\":\"Organization\",\"@id\":\"https:\/\/dsrdanismanlik.com\/#organization\",\"name\":\"Profosyonel \u00c7\u00f6z\u00fcm - Durdu Mehmet ATALAY - 0 (505) 677 35 38\",\"url\":\"https:\/\/dsrdanismanlik.com\/\",\"logo\":{\"@type\":\"ImageObject\",\"inLanguage\":\"tr\",\"@id\":\"https:\/\/dsrdanismanlik.com\/#\/schema\/logo\/image\/\",\"url\":\"https:\/\/dsrdanismanlik.com\/wp-content\/uploads\/2024\/02\/LOGO.jpg\",\"contentUrl\":\"https:\/\/dsrdanismanlik.com\/wp-content\/uploads\/2024\/02\/LOGO.jpg\",\"width\":95,\"height\":75,\"caption\":\"Profosyonel \u00c7\u00f6z\u00fcm - Durdu Mehmet ATALAY - 0 (505) 677 35 38\"},\"image\":{\"@id\":\"https:\/\/dsrdanismanlik.com\/#\/schema\/logo\/image\/\"},\"sameAs\":[\"https:\/\/www.facebook.com\/dsrdanismanlik\",\"https:\/\/www.instagram.com\/dsr.danismanlik\"]}]}<\/script>\r\n<!-- \/ Yoast SEO plugin. -->","yoast_head_json":{"title":"E-T\u0130CARET DANI\u015eMANLI\u011eI - Profosyonel \u00c7\u00f6z\u00fcm - Durdu Mehmet ATALAY - 0 (505) 677 35 38","robots":{"index":"index","follow":"follow","max-snippet":"max-snippet:-1","max-image-preview":"max-image-preview:large","max-video-preview":"max-video-preview:-1"},"canonical":"https:\/\/dsrdanismanlik.com\/index.php\/e-ticaret-danismanligi\/","og_locale":"tr_TR","og_type":"article","og_title":"E-T\u0130CARET DANI\u015eMANLI\u011eI - Profosyonel \u00c7\u00f6z\u00fcm - Durdu Mehmet ATALAY - 0 (505) 677 35 38","og_description":"E-ticaret, elektronik ticareti mal veya hizmet al\u0131\u015fveri\u015fi gibi ticari i\u015flemlerin internet \u00fczerinden ger\u00e7ekle\u015ftirilmesini ifade eder. Geleneksel ticaretin aksine, e-ticaret fiziksel [&hellip;]","og_url":"https:\/\/dsrdanismanlik.com\/index.php\/e-ticaret-danismanligi\/","og_site_name":"Profosyonel \u00c7\u00f6z\u00fcm - Durdu Mehmet ATALAY - 0 (505) 677 35 38","article_publisher":"https:\/\/www.facebook.com\/dsrdanismanlik","article_modified_time":"2025-07-05T09:51:56+00:00","og_image":[{"width":612,"height":888,"url":"https:\/\/dsrdanismanlik.com\/wp-content\/uploads\/2025\/07\/E-Ticaret.jpg","type":"image\/jpeg"}],"twitter_card":"summary_large_image","twitter_misc":{"Tahmini okuma s\u00fcresi":"2 dakika"},"schema":{"@context":"https:\/\/schema.org","@graph":[{"@type":"WebPage","@id":"https:\/\/dsrdanismanlik.com\/index.php\/e-ticaret-danismanligi\/","url":"https:\/\/dsrdanismanlik.com\/index.php\/e-ticaret-danismanligi\/","name":"E-T\u0130CARET DANI\u015eMANLI\u011eI - Profosyonel \u00c7\u00f6z\u00fcm - Durdu Mehmet ATALAY - 0 (505) 677 35 38","isPartOf":{"@id":"https:\/\/dsrdanismanlik.com\/#website"},"primaryImageOfPage":{"@id":"https:\/\/dsrdanismanlik.com\/index.php\/e-ticaret-danismanligi\/#primaryimage"},"image":{"@id":"https:\/\/dsrdanismanlik.com\/index.php\/e-ticaret-danismanligi\/#primaryimage"},"thumbnailUrl":"https:\/\/dsrdanismanlik.com\/wp-content\/uploads\/2025\/07\/E-Ticaret.jpg","datePublished":"2024-02-03T15:16:04+00:00","dateModified":"2025-07-05T09:51:56+00:00","breadcrumb":{"@id":"https:\/\/dsrdanismanlik.com\/index.php\/e-ticaret-danismanligi\/#breadcrumb"},"inLanguage":"tr","potentialAction":[{"@type":"ReadAction","target":["https:\/\/dsrdanismanlik.com\/index.php\/e-ticaret-danismanligi\/"]}]},{"@type":"ImageObject","inLanguage":"tr","@id":"https:\/\/dsrdanismanlik.com\/index.php\/e-ticaret-danismanligi\/#primaryimage","url":"https:\/\/dsrdanismanlik.com\/wp-content\/uploads\/2025\/07\/E-Ticaret.jpg","contentUrl":"https:\/\/dsrdanismanlik.com\/wp-content\/uploads\/2025\/07\/E-Ticaret.jpg","width":612,"height":888},{"@type":"BreadcrumbList","@id":"https:\/\/dsrdanismanlik.com\/index.php\/e-ticaret-danismanligi\/#breadcrumb","itemListElement":[{"@type":"ListItem","position":1,"name":"Anasayfa","item":"https:\/\/dsrdanismanlik.com\/"},{"@type":"ListItem","position":2,"name":"E-T\u0130CARET DANI\u015eMANLI\u011eI"}]},{"@type":"WebSite","@id":"https:\/\/dsrdanismanlik.com\/#website","url":"https:\/\/dsrdanismanlik.com\/","name":"Profosyonel \u00c7\u00f6z\u00fcm - Durdu Mehmet ATALAY - 0 (505) 677 35 38","description":"","publisher":{"@id":"https:\/\/dsrdanismanlik.com\/#organization"},"potentialAction":[{"@type":"SearchAction","target":{"@type":"EntryPoint","urlTemplate":"https:\/\/dsrdanismanlik.com\/?s={search_term_string}"},"query-input":{"@type":"PropertyValueSpecification","valueRequired":true,"valueName":"search_term_string"}}],"inLanguage":"tr"},{"@type":"Organization","@id":"https:\/\/dsrdanismanlik.com\/#organization","name":"Profosyonel \u00c7\u00f6z\u00fcm - Durdu Mehmet ATALAY - 0 (505) 677 35 38","url":"https:\/\/dsrdanismanlik.com\/","logo":{"@type":"ImageObject","inLanguage":"tr","@id":"https:\/\/dsrdanismanlik.com\/#\/schema\/logo\/image\/","url":"https:\/\/dsrdanismanlik.com\/wp-content\/uploads\/2024\/02\/LOGO.jpg","contentUrl":"https:\/\/dsrdanismanlik.com\/wp-content\/uploads\/2024\/02\/LOGO.jpg","width":95,"height":75,"caption":"Profosyonel \u00c7\u00f6z\u00fcm - Durdu Mehmet ATALAY - 0 (505) 677 35 38"},"image":{"@id":"https:\/\/dsrdanismanlik.com\/#\/schema\/logo\/image\/"},"sameAs":["https:\/\/www.facebook.com\/dsrdanismanlik","https:\/\/www.instagram.com\/dsr.danismanlik"]}]}},"_links":{"self":[{"href":"https:\/\/dsrdanismanlik.com\/index.php\/wp-json\/wp\/v2\/pages\/41","targetHints":{"allow":["GET"]}}],"collection":[{"href":"https:\/\/dsrdanismanlik.com\/index.php\/wp-json\/wp\/v2\/pages"}],"about":[{"href":"https:\/\/dsrdanismanlik.com\/index.php\/wp-json\/wp\/v2\/types\/page"}],"author":[{"embeddable":true,"href":"https:\/\/dsrdanismanlik.com\/index.php\/wp-json\/wp\/v2\/users\/1"}],"replies":[{"embeddable":true,"href":"https:\/\/dsrdanismanlik.com\/index.php\/wp-json\/wp\/v2\/comments?post=41"}],"version-history":[{"count":7,"href":"https:\/\/dsrdanismanlik.com\/index.php\/wp-json\/wp\/v2\/pages\/41\/revisions"}],"predecessor-version":[{"id":996,"href":"https:\/\/dsrdanismanlik.com\/index.php\/wp-json\/wp\/v2\/pages\/41\/revisions\/996"}],"wp:attachment":[{"href":"https:\/\/dsrdanismanlik.com\/index.php\/wp-json\/wp\/v2\/media?parent=41"}],"curies":[{"name":"wp","href":"https:\/\/api.w.org\/{rel}","templated":true}]}}